{"id":28,"date":"2025-06-04T14:23:59","date_gmt":"2025-06-04T12:23:59","guid":{"rendered":"https:\/\/instant-nautique.com\/quai-royal\/?page_id=28"},"modified":"2026-01-21T13:52:33","modified_gmt":"2026-01-21T12:52:33","slug":"balades","status":"publish","type":"page","link":"https:\/\/instant-nautique.com\/sete-centre\/balades\/","title":{"rendered":"Balades en Bateau \u00e0 S\u00e8te : Explorez la Ville, les Canaux et l&rsquo;\u00c9tang de Thau !"},"content":{"rendered":"<div\n\tclass=\"vn-block rides-block js-container\"\n\t\tstyle=\"margin-top: 50px;margin-bottom: 100px;\"\tdata-id=\"block_6c0e592bf23cd358ae542b36a9ed1c86\">\n\t<div class=\"rides-block__container\">\n\t\t<div class=\"container\">\n\t\t\t<div class=\"rides-block__contents\">\n\t\t\t\t\t\t\t<\/div>\n\n            \t\t<\/div>\n\n\t\t            <div class=\"container\">\n\t\t\t<div class=\"rides-block__rides\">\n                    <div class=\"row\">\n                        <article\n\tclass=\"feed-ride col-lg-6 post-47 ride type-ride status-publish has-post-thumbnail hentry\"\tid=\"feed-ride-47\"\n\tdata-capacities=\"\"\n\tdata-ages=\"18\"\n>\n\t<a href=\"https:\/\/instant-nautique.com\/sete-centre\/balade\/coucher-du-soleil-etang-de-thau\/\" title=\"Balade coucher de soleil sur l\u2019\u00e9tang de Thau\" class=\"feed-ride__wrapper\" style=\"--bg: url(https:\/\/instant-nautique.com\/sete-centre\/wp-content\/uploads\/sites\/3\/2025\/06\/coucher_soleil-Instant_nautique-04-1024x576.jpg);\">\n\t\t<div class=\"feed-ride__inner\">\n\t\t\t<div class=\"feed-ride__contents\">\n\t\t\t\t<h3 class=\"feed-ride__title\">Balade coucher de soleil sur l\u2019\u00e9tang de Thau<\/h3>\t\t\t\t<div class=\"card-fields\">\n\t\t\t\t\t\t\t\t\t\t\t<div class=\"card-fields__field\">\n\t\t\t\t\t\t\t<span class=\"card-fields__title\">30\u20ac<\/span>\n\t\t\t\t\t\t<\/div>\n\t\t\t\t\t\t\t\t\t\t\t\t\t\t\t\t<div class=\"card-fields__field\">\n\t\t\t\t\t\t\t<span class=\"card-fields__icon\"><i class=\"vn-icons-people\"><\/i><\/span>\n\t\t\t\t\t\t\t<span class=\"card-fields__title\">12 personnes<\/span>\n\t\t\t\t\t\t<\/div>\n\t\t\t\t\t\t\t\t\t\t<div class=\"card-fields__field\">\n\t\t\t\t\t\t<span class=\"card-fields__icon card-fields__icon--filled\"><i class=\"vn-icons-arrow-right\"><\/i><\/span>\n\t\t\t\t\t\t<span class=\"card-fields__title\">Lire plus<\/span>\n\t\t\t\t\t<\/div>\n\t\t\t\t<\/div>\n\t\t\t<\/div>\n\n                    <\/div>\n\t<\/a>\n<\/article>\n\n<article\n\tclass=\"feed-ride col-lg-6 post-49 ride type-ride status-publish has-post-thumbnail hentry\"\tid=\"feed-ride-49\"\n\tdata-capacities=\"\"\n\tdata-ages=\"18\"\n>\n\t<a href=\"https:\/\/instant-nautique.com\/sete-centre\/balade\/dauphin-en-mer-mediterranee\/\" title=\"Balade dauphin en mer m\u00e9diterran\u00e9e\" class=\"feed-ride__wrapper\" style=\"--bg: url(https:\/\/instant-nautique.com\/sete-centre\/wp-content\/uploads\/sites\/3\/2025\/06\/Balade_dauphin-Instant_nautique-04-1024x576.jpg);\">\n\t\t<div class=\"feed-ride__inner\">\n\t\t\t<div class=\"feed-ride__contents\">\n\t\t\t\t<h3 class=\"feed-ride__title\">Balade dauphin en mer m\u00e9diterran\u00e9e<\/h3>\t\t\t\t<div class=\"card-fields\">\n\t\t\t\t\t\t\t\t\t\t\t<div class=\"card-fields__field\">\n\t\t\t\t\t\t\t<span class=\"card-fields__title\">35\u20ac \/ Enfant : 25\u20ac*<\/span>\n\t\t\t\t\t\t<\/div>\n\t\t\t\t\t\t\t\t\t\t\t\t\t\t\t\t<div class=\"card-fields__field\">\n\t\t\t\t\t\t\t<span class=\"card-fields__icon\"><i class=\"vn-icons-people\"><\/i><\/span>\n\t\t\t\t\t\t\t<span class=\"card-fields__title\">12 personnes<\/span>\n\t\t\t\t\t\t<\/div>\n\t\t\t\t\t\t\t\t\t\t<div class=\"card-fields__field\">\n\t\t\t\t\t\t<span class=\"card-fields__icon card-fields__icon--filled\"><i class=\"vn-icons-arrow-right\"><\/i><\/span>\n\t\t\t\t\t\t<span class=\"card-fields__title\">Lire plus<\/span>\n\t\t\t\t\t<\/div>\n\t\t\t\t<\/div>\n\t\t\t<\/div>\n\n                    <\/div>\n\t<\/a>\n<\/article>\n\n<article\n\tclass=\"feed-ride col-lg-6 post-87 ride type-ride status-publish has-post-thumbnail hentry\"\tid=\"feed-ride-87\"\n\tdata-capacities=\"\"\n\tdata-ages=\"18\"\n>\n\t<a href=\"https:\/\/instant-nautique.com\/sete-centre\/balade\/circuit-a-pleine-vitesse\/\" title=\"Circuit \u00e0 pleine vitesse\" class=\"feed-ride__wrapper\" style=\"--bg: url(https:\/\/instant-nautique.com\/sete-centre\/wp-content\/uploads\/sites\/3\/2025\/06\/Circuit_vitesse-Instant_nautique-01-1024x576.jpg);\">\n\t\t<div class=\"feed-ride__inner\">\n\t\t\t<div class=\"feed-ride__contents\">\n\t\t\t\t<h3 class=\"feed-ride__title\">Circuit \u00e0 pleine vitesse<\/h3>\t\t\t\t<div class=\"card-fields\">\n\t\t\t\t\t\t\t\t\t\t\t<div class=\"card-fields__field\">\n\t\t\t\t\t\t\t<span class=\"card-fields__title\">45\u20ac<\/span>\n\t\t\t\t\t\t<\/div>\n\t\t\t\t\t\t\t\t\t\t\t\t\t\t\t\t<div class=\"card-fields__field\">\n\t\t\t\t\t\t\t<span class=\"card-fields__icon\"><i class=\"vn-icons-people\"><\/i><\/span>\n\t\t\t\t\t\t\t<span class=\"card-fields__title\">12 personnes<\/span>\n\t\t\t\t\t\t<\/div>\n\t\t\t\t\t\t\t\t\t\t<div class=\"card-fields__field\">\n\t\t\t\t\t\t<span class=\"card-fields__icon card-fields__icon--filled\"><i class=\"vn-icons-arrow-right\"><\/i><\/span>\n\t\t\t\t\t\t<span class=\"card-fields__title\">Lire plus<\/span>\n\t\t\t\t\t<\/div>\n\t\t\t\t<\/div>\n\t\t\t<\/div>\n\n                    <\/div>\n\t<\/a>\n<\/article>\n\n<article\n\tclass=\"feed-ride col-lg-6 post-23 ride type-ride status-publish has-post-thumbnail hentry\"\tid=\"feed-ride-23\"\n\tdata-capacities=\"\"\n\tdata-ages=\"18\"\n>\n\t<a href=\"https:\/\/instant-nautique.com\/sete-centre\/balade\/lagune-de-letang-de-thau\/\" title=\"Excursion en bateau sur la lagune de l\u2019\u00e9tang de Thau\" class=\"feed-ride__wrapper\" style=\"--bg: url(https:\/\/instant-nautique.com\/sete-centre\/wp-content\/uploads\/sites\/3\/2025\/06\/6f51a93907217d88ea216fc025518459055d48e1-1-1024x768.jpg);\">\n\t\t<div class=\"feed-ride__inner\">\n\t\t\t<div class=\"feed-ride__contents\">\n\t\t\t\t<h3 class=\"feed-ride__title\">Excursion en bateau sur la lagune de l\u2019\u00e9tang de Thau<\/h3>\t\t\t\t<div class=\"card-fields\">\n\t\t\t\t\t\t\t\t\t\t\t<div class=\"card-fields__field\">\n\t\t\t\t\t\t\t<span class=\"card-fields__title\">25\u20ac \/ Enfant : 15\u20ac*<\/span>\n\t\t\t\t\t\t<\/div>\n\t\t\t\t\t\t\t\t\t\t\t\t\t\t\t\t<div class=\"card-fields__field\">\n\t\t\t\t\t\t\t<span class=\"card-fields__icon\"><i class=\"vn-icons-people\"><\/i><\/span>\n\t\t\t\t\t\t\t<span class=\"card-fields__title\">12 personnes<\/span>\n\t\t\t\t\t\t<\/div>\n\t\t\t\t\t\t\t\t\t\t<div class=\"card-fields__field\">\n\t\t\t\t\t\t<span class=\"card-fields__icon card-fields__icon--filled\"><i class=\"vn-icons-arrow-right\"><\/i><\/span>\n\t\t\t\t\t\t<span class=\"card-fields__title\">Lire plus<\/span>\n\t\t\t\t\t<\/div>\n\t\t\t\t<\/div>\n\t\t\t<\/div>\n\n                            <i class=\"vn-icons-info feed-ride__icon js-open-modal-ride\" data-bs-toggle=\"modal\" data-bs-target=\"#feedRideModal23\"><\/i>\n                        <\/div>\n\t<\/a>\n<\/article>\n\n    <div class=\"modal fade ride-modal\" id=\"feedRideModal23\" tabindex=\"-1\" aria-labelledby=\"feedRideLabel\" aria-hidden=\"true\">\n        <div class=\"modal-dialog modal-lg modal-dialog-centered\">\n            <div class=\"modal-content\">\n                <img loading=\"lazy\" decoding=\"async\" width=\"2048\" height=\"1467\" src=\"https:\/\/instant-nautique.com\/sete-centre\/wp-content\/uploads\/sites\/3\/2025\/06\/072abe3ad87f085d28276d8c4ee768590296eaa8.jpg\" class=\"ride-modal__route-img js-route-img\" alt=\"\" srcset=\"https:\/\/instant-nautique.com\/sete-centre\/wp-content\/uploads\/sites\/3\/2025\/06\/072abe3ad87f085d28276d8c4ee768590296eaa8.jpg 2048w, https:\/\/instant-nautique.com\/sete-centre\/wp-content\/uploads\/sites\/3\/2025\/06\/072abe3ad87f085d28276d8c4ee768590296eaa8-300x215.jpg 300w, https:\/\/instant-nautique.com\/sete-centre\/wp-content\/uploads\/sites\/3\/2025\/06\/072abe3ad87f085d28276d8c4ee768590296eaa8-1024x734.jpg 1024w, https:\/\/instant-nautique.com\/sete-centre\/wp-content\/uploads\/sites\/3\/2025\/06\/072abe3ad87f085d28276d8c4ee768590296eaa8-768x550.jpg 768w, https:\/\/instant-nautique.com\/sete-centre\/wp-content\/uploads\/sites\/3\/2025\/06\/072abe3ad87f085d28276d8c4ee768590296eaa8-1536x1100.jpg 1536w\" sizes=\"auto, (max-width: 2048px) 100vw, 2048px\" \/>                    <i class=\"vn-icons-close ride-modal__icon desk\" data-bs-dismiss=\"modal\"><\/i>\n                                <\/div>\n        <\/div>\n            <\/div>\n    <article\n\tclass=\"feed-ride col-lg-6 post-90 ride type-ride status-publish has-post-thumbnail hentry\"\tid=\"feed-ride-90\"\n\tdata-capacities=\"\"\n\tdata-ages=\"18\"\n>\n\t<a href=\"https:\/\/instant-nautique.com\/sete-centre\/balade\/feu-dartifice-depuis-la-mer\/\" title=\"Feu d\u2019artifice depuis la mer\" class=\"feed-ride__wrapper\" style=\"--bg: url(https:\/\/instant-nautique.com\/sete-centre\/wp-content\/uploads\/sites\/3\/2025\/06\/Feux_artifice-Instant_nautique-04-1024x576.jpg);\">\n\t\t<div class=\"feed-ride__inner\">\n\t\t\t<div class=\"feed-ride__contents\">\n\t\t\t\t<h3 class=\"feed-ride__title\">Feu d\u2019artifice depuis la mer<\/h3>\t\t\t\t<div class=\"card-fields\">\n\t\t\t\t\t\t\t\t\t\t\t<div class=\"card-fields__field\">\n\t\t\t\t\t\t\t<span class=\"card-fields__title\">30\u20ac<\/span>\n\t\t\t\t\t\t<\/div>\n\t\t\t\t\t\t\t\t\t\t\t\t\t\t\t\t<div class=\"card-fields__field\">\n\t\t\t\t\t\t\t<span class=\"card-fields__icon\"><i class=\"vn-icons-people\"><\/i><\/span>\n\t\t\t\t\t\t\t<span class=\"card-fields__title\">12 personnes<\/span>\n\t\t\t\t\t\t<\/div>\n\t\t\t\t\t\t\t\t\t\t<div class=\"card-fields__field\">\n\t\t\t\t\t\t<span class=\"card-fields__icon card-fields__icon--filled\"><i class=\"vn-icons-arrow-right\"><\/i><\/span>\n\t\t\t\t\t\t<span class=\"card-fields__title\">Lire plus<\/span>\n\t\t\t\t\t<\/div>\n\t\t\t\t<\/div>\n\t\t\t<\/div>\n\n                    <\/div>\n\t<\/a>\n<\/article>\n\n<article\n\tclass=\"feed-ride col-lg-6 post-48 ride type-ride status-publish has-post-thumbnail hentry\"\tid=\"feed-ride-48\"\n\tdata-capacities=\"\"\n\tdata-ages=\"18\"\n>\n\t<a href=\"https:\/\/instant-nautique.com\/sete-centre\/balade\/bateau-sur-les-canaux-de-sete\/\" title=\"Les canaux de S\u00e8te : au c\u0153ur de la \u00ab\u00a0Venise du Languedoc\u00a0\u00bb\" class=\"feed-ride__wrapper\" style=\"--bg: url(https:\/\/instant-nautique.com\/sete-centre\/wp-content\/uploads\/sites\/3\/2025\/06\/Canaux_sete-Instant_nautique-02-1024x576.jpg);\">\n\t\t<div class=\"feed-ride__inner\">\n\t\t\t<div class=\"feed-ride__contents\">\n\t\t\t\t<h3 class=\"feed-ride__title\">Les canaux de S\u00e8te : au c\u0153ur de la \u00ab\u00a0Venise du Languedoc\u00a0\u00bb<\/h3>\t\t\t\t<div class=\"card-fields\">\n\t\t\t\t\t\t\t\t\t\t\t<div class=\"card-fields__field\">\n\t\t\t\t\t\t\t<span class=\"card-fields__title\">15\u20ac \/ Enfant : 10\u20ac*<\/span>\n\t\t\t\t\t\t<\/div>\n\t\t\t\t\t\t\t\t\t\t\t\t\t\t\t\t<div class=\"card-fields__field\">\n\t\t\t\t\t\t\t<span class=\"card-fields__icon\"><i class=\"vn-icons-people\"><\/i><\/span>\n\t\t\t\t\t\t\t<span class=\"card-fields__title\">12 personnes<\/span>\n\t\t\t\t\t\t<\/div>\n\t\t\t\t\t\t\t\t\t\t<div class=\"card-fields__field\">\n\t\t\t\t\t\t<span class=\"card-fields__icon card-fields__icon--filled\"><i class=\"vn-icons-arrow-right\"><\/i><\/span>\n\t\t\t\t\t\t<span class=\"card-fields__title\">Lire plus<\/span>\n\t\t\t\t\t<\/div>\n\t\t\t\t<\/div>\n\t\t\t<\/div>\n\n                            <i class=\"vn-icons-info feed-ride__icon js-open-modal-ride\" data-bs-toggle=\"modal\" data-bs-target=\"#feedRideModal48\"><\/i>\n                        <\/div>\n\t<\/a>\n<\/article>\n\n    <div class=\"modal fade ride-modal\" id=\"feedRideModal48\" tabindex=\"-1\" aria-labelledby=\"feedRideLabel\" aria-hidden=\"true\">\n        <div class=\"modal-dialog modal-lg modal-dialog-centered\">\n            <div class=\"modal-content\">\n                <img loading=\"lazy\" decoding=\"async\" width=\"2048\" height=\"1467\" src=\"https:\/\/instant-nautique.com\/sete-centre\/wp-content\/uploads\/sites\/3\/2025\/06\/plan-sete-balade-visite-Sete-50-minutes-2048x1467-1.jpg\" class=\"ride-modal__route-img js-route-img\" alt=\"\" srcset=\"https:\/\/instant-nautique.com\/sete-centre\/wp-content\/uploads\/sites\/3\/2025\/06\/plan-sete-balade-visite-Sete-50-minutes-2048x1467-1.jpg 2048w, https:\/\/instant-nautique.com\/sete-centre\/wp-content\/uploads\/sites\/3\/2025\/06\/plan-sete-balade-visite-Sete-50-minutes-2048x1467-1-300x215.jpg 300w, https:\/\/instant-nautique.com\/sete-centre\/wp-content\/uploads\/sites\/3\/2025\/06\/plan-sete-balade-visite-Sete-50-minutes-2048x1467-1-1024x734.jpg 1024w, https:\/\/instant-nautique.com\/sete-centre\/wp-content\/uploads\/sites\/3\/2025\/06\/plan-sete-balade-visite-Sete-50-minutes-2048x1467-1-768x550.jpg 768w, https:\/\/instant-nautique.com\/sete-centre\/wp-content\/uploads\/sites\/3\/2025\/06\/plan-sete-balade-visite-Sete-50-minutes-2048x1467-1-1536x1100.jpg 1536w\" sizes=\"auto, (max-width: 2048px) 100vw, 2048px\" \/>                    <i class=\"vn-icons-close ride-modal__icon desk\" data-bs-dismiss=\"modal\"><\/i>\n                                <\/div>\n        <\/div>\n            <\/div>\n                        <\/div>\n                <\/div>\n            <\/div>\n\t\t\t<\/div>\n<\/div>\n\n\n<div\n\tclass=\"vn-block boat-with-cta-block\"\n\t\tstyle=\"margin-top: 50px;margin-bottom: 100px;\"\tdata-id=\"block_585e2956f6cc0d57bc2bf97f9f5be60e\">\n\t<div class=\"boat-with-cta-block__container\">\n\t\t<div class=\"boat-with-cta-block__contents\">\n\t\t\t<h2 class=\"boat-with-cta-block__title\">Vous souhaitez plut\u00f4t conduire votre propre bateau ?<\/h2><div class=\"boat-with-cta-block__content\"><p>D\u00e9couvrez la Mini Water-Car ! Cette voiture-bateau unique vous permet de vous balader en toute simplicit\u00e9 au c\u0153ur des canaux de S\u00e8te.<\/p>\n<\/div>\t\t<\/div>\n\t\t<div class=\"boat-with-cta-block__fields js-container\">\n\t\t\t\t\t\t\t<div class=\"boat-with-cta-block__field\">\n\t\t\t\t\t<div class=\"container\">\n\t\t\t\t\t\t<div class=\"row\">\n\t\t\t\t\t\t\t\t\t\t\t\t\t\t\t<span class=\"boat-with-cta-block__shape\"><\/span>\n\t\t\t\t\t\t\t\t\t\t\t\t\t\t<div class=\"col-lg-6 boat-with-cta-block__post-col\">\n\t\t\t\t\t\t\t\t\n<article\n\tclass=\"feed-boat-js post-18 activity type-activity status-publish has-post-thumbnail hentry\"\tid=\"feed-boat-js-18\"\n\tdata-capacities=\"\"\n\tdata-post-type=\"activity\"\n>\n\t<a href=\"https:\/\/instant-nautique.com\/sete-centre\/activites\/mini-water-car\/\" title=\"Mini water car \u00e0 S\u00e8te Quai Royal !\" class=\"feed-boat-js__wrapper\" style=\"--bg: url(https:\/\/instant-nautique.com\/sete-centre\/wp-content\/uploads\/sites\/3\/2025\/06\/Mini_water_car-Instant_nautique-01-1024x576.jpg);\">\n\t\t<div class=\"feed-boat-js__inner\">\n\t\t\t<div class=\"feed-boat-js__contents\">\n\t\t\t\t<h3 class=\"feed-boat-js__title\">Mini water car \u00e0 S\u00e8te Quai Royal !<\/h3>                    <div class=\"feed-boat-js__tags\">\n                                                    <div class=\"feed-boat-js__tag orange\">\n                                <i class=\"vn-icons-new\"><\/i>\n                                Nouveau !                            <\/div>\n                                                <\/div>\n                    \t\t\t\t<div class=\"card-fields\">\n\t\t\t\t\t\t\t\t\t\t\t<div class=\"card-fields__field\">\n\t\t\t\t\t\t\t<span class=\"card-fields__title\">65\u20ac Hors saisons \/ 80\u20ac Saison*<\/span>\n\t\t\t\t\t\t<\/div>\n\t\t\t\t\t\t\t\t\t\t\t\t\t\t\t\t<div class=\"card-fields__field\">\n\t\t\t\t\t\t\t<span class=\"card-fields__icon\"><i class=\"vn-icons-people\"><\/i><\/span>\n\t\t\t\t\t\t\t<span class=\"card-fields__title\">6 personnes max<\/span>\n\t\t\t\t\t\t<\/div>\n\t\t\t\t\t\t\t\t\t\t<div class=\"card-fields__field\">\n\t\t\t\t\t\t<span class=\"card-fields__icon card-fields__icon--filled\"><i class=\"vn-icons-arrow-right\"><\/i><\/span>\n\t\t\t\t\t\t<span class=\"card-fields__title\">Lire plus<\/span>\n\t\t\t\t\t<\/div>\n\t\t\t\t<\/div>\n\t\t\t<\/div>\n\t\t<\/div>\n\t<\/a>\n<\/article>\n\t\t\t\t\t\t\t<\/div>\n\t\t\t\t\t\t\t<div class=\"col-lg-6 boat-with-cta-block__cta-col\">\n\t\t\t\t\t\t\t\t\n<article class=\"feed-simple-card feed-simple-card--orange\">\n\t<a href=\"https:\/\/instant-nautique.com\/mole-saint-louis\/\" title=\"En savoir plus sur la base nautique M\u00f4le Saint-Louis !\" target=\"_blank\" class=\"feed-simple-card__wrapper\" rel=\"noopener noreferrer\">\n\t\t<div class=\"feed-simple-card__contents\">\n\t\t\t<span class=\"feed-simple-card__subtitle\">Plut\u00f4t bateau que voiture ?<\/span><span class=\"feed-simple-card__title\">D\u00e9couvrez notre base nautique au M\u00f4le Saint-Louis !<\/span><span class=\"feed-simple-card__content\"><p>Notre base nautique au M\u00f4le Saint-Louis vous permettra de louer des bateaux avec et sans permis ais\u00e9ment !<\/p>\n<\/span>\t\t\t\t<div class=\"card-fields__field\">\n\t\t\t\t\t<span class=\"card-fields__icon card-fields__icon--filled\"><i class=\"vn-icons-arrow-right\"><\/i><\/span>\n\t\t\t\t\t<span class=\"card-fields__title\">En savoir plus<\/span>\n\t\t\t\t<\/div>\n\t\t\t\t\t<\/div>\n\t<\/a>\n<\/article>\n\t\t\t\t\t\t\t<\/div>\n\t\t\t\t\t\t<\/div>\n\t\t\t\t\t<\/div>\n\t\t\t\t<\/div>\n\t\t\t\t\t\t<\/div>\n\t<\/div>\n<\/div>\n","protected":false},"excerpt":{"rendered":"","protected":false},"author":1,"featured_media":0,"parent":0,"menu_order":0,"comment_status":"closed","ping_status":"closed","template":"","meta":{"_acf_changed":false,"footnotes":""},"class_list":["post-28","page","type-page","status-publish","hentry"],"acf":[],"yoast_head":"<!-- This site is optimized with the Yoast SEO plugin v27.4 - https:\/\/yoast.com\/product\/yoast-seo-wordpress\/ -->\n<title>Balades en Bateau S\u00e8te &amp; \u00c9tang de Thau - Instant Nautique S\u00e8te centre - Cadre Royal<\/title>\n<meta name=\"description\" content=\"Explorez S\u00e8te, ses canaux pittoresques, le Cadre Royal et l&#039;\u00c9tang de Thau lors de nos balades en bateau. D\u00e9couvrez la ville autrement avec l&#039;Instant Nautique.\" \/>\n<meta name=\"robots\" content=\"index, follow, max-snippet:-1, max-image-preview:large, max-video-preview:-1\" \/>\n<link rel=\"canonical\" href=\"https:\/\/instant-nautique.com\/sete-centre\/balades\/\" \/>\n<meta property=\"og:locale\" content=\"fr_FR\" \/>\n<meta property=\"og:type\" content=\"article\" \/>\n<meta property=\"og:title\" content=\"Balades en Bateau S\u00e8te &amp; \u00c9tang de Thau - Instant Nautique S\u00e8te centre - Cadre Royal\" \/>\n<meta property=\"og:description\" content=\"Explorez S\u00e8te, ses canaux pittoresques, le Cadre Royal et l&#039;\u00c9tang de Thau lors de nos balades en bateau. D\u00e9couvrez la ville autrement avec l&#039;Instant Nautique.\" \/>\n<meta property=\"og:url\" content=\"https:\/\/instant-nautique.com\/sete-centre\/balades\/\" \/>\n<meta property=\"og:site_name\" content=\"Instant Nautique S\u00e8te centre - Cadre Royal\" \/>\n<meta property=\"article:modified_time\" content=\"2026-01-21T12:52:33+00:00\" \/>\n<meta name=\"twitter:card\" content=\"summary_large_image\" \/>\n<script type=\"application\/ld+json\" class=\"yoast-schema-graph\">{\"@context\":\"https:\\\/\\\/schema.org\",\"@graph\":[{\"@type\":\"WebPage\",\"@id\":\"https:\\\/\\\/instant-nautique.com\\\/sete-centre\\\/balades\\\/\",\"url\":\"https:\\\/\\\/instant-nautique.com\\\/sete-centre\\\/balades\\\/\",\"name\":\"Balades en Bateau S\u00e8te & \u00c9tang de Thau - Instant Nautique S\u00e8te centre - Cadre Royal\",\"isPartOf\":{\"@id\":\"https:\\\/\\\/instant-nautique.com\\\/sete-centre\\\/#website\"},\"datePublished\":\"2025-06-04T12:23:59+00:00\",\"dateModified\":\"2026-01-21T12:52:33+00:00\",\"description\":\"Explorez S\u00e8te, ses canaux pittoresques, le Cadre Royal et l'\u00c9tang de Thau lors de nos balades en bateau. D\u00e9couvrez la ville autrement avec l'Instant Nautique.\",\"breadcrumb\":{\"@id\":\"https:\\\/\\\/instant-nautique.com\\\/sete-centre\\\/balades\\\/#breadcrumb\"},\"inLanguage\":\"fr-FR\",\"potentialAction\":[{\"@type\":\"ReadAction\",\"target\":[\"https:\\\/\\\/instant-nautique.com\\\/sete-centre\\\/balades\\\/\"]}]},{\"@type\":\"BreadcrumbList\",\"@id\":\"https:\\\/\\\/instant-nautique.com\\\/sete-centre\\\/balades\\\/#breadcrumb\",\"itemListElement\":[{\"@type\":\"ListItem\",\"position\":1,\"name\":\"Accueil\",\"item\":\"https:\\\/\\\/instant-nautique.com\\\/sete-centre\\\/\"},{\"@type\":\"ListItem\",\"position\":2,\"name\":\"Balades en Bateau \u00e0 S\u00e8te : Explorez la Ville, les Canaux et l&rsquo;\u00c9tang de Thau !\"}]},{\"@type\":\"WebSite\",\"@id\":\"https:\\\/\\\/instant-nautique.com\\\/sete-centre\\\/#website\",\"url\":\"https:\\\/\\\/instant-nautique.com\\\/sete-centre\\\/\",\"name\":\"Instant Nautique S\u00e8te centre - Cadre Royal\",\"description\":\"\",\"publisher\":{\"@id\":\"https:\\\/\\\/instant-nautique.com\\\/sete-centre\\\/#organization\"},\"potentialAction\":[{\"@type\":\"SearchAction\",\"target\":{\"@type\":\"EntryPoint\",\"urlTemplate\":\"https:\\\/\\\/instant-nautique.com\\\/sete-centre\\\/?s={search_term_string}\"},\"query-input\":{\"@type\":\"PropertyValueSpecification\",\"valueRequired\":true,\"valueName\":\"search_term_string\"}}],\"inLanguage\":\"fr-FR\"},{\"@type\":\"Organization\",\"@id\":\"https:\\\/\\\/instant-nautique.com\\\/sete-centre\\\/#organization\",\"name\":\"Instant Nautique S\u00e8te centre - Cadre Royal\",\"url\":\"https:\\\/\\\/instant-nautique.com\\\/sete-centre\\\/\",\"logo\":{\"@type\":\"ImageObject\",\"inLanguage\":\"fr-FR\",\"@id\":\"https:\\\/\\\/instant-nautique.com\\\/sete-centre\\\/#\\\/schema\\\/logo\\\/image\\\/\",\"url\":\"https:\\\/\\\/instant-nautique.com\\\/sete-centre\\\/wp-content\\\/uploads\\\/sites\\\/3\\\/2025\\\/06\\\/LOGO-InstantNautique-2025-Setecentre.png\",\"contentUrl\":\"https:\\\/\\\/instant-nautique.com\\\/sete-centre\\\/wp-content\\\/uploads\\\/sites\\\/3\\\/2025\\\/06\\\/LOGO-InstantNautique-2025-Setecentre.png\",\"width\":709,\"height\":709,\"caption\":\"Instant Nautique S\u00e8te centre - Cadre Royal\"},\"image\":{\"@id\":\"https:\\\/\\\/instant-nautique.com\\\/sete-centre\\\/#\\\/schema\\\/logo\\\/image\\\/\"}}]}<\/script>\n<!-- \/ Yoast SEO plugin. -->","yoast_head_json":{"title":"Balades en Bateau S\u00e8te & \u00c9tang de Thau - Instant Nautique S\u00e8te centre - Cadre Royal","description":"Explorez S\u00e8te, ses canaux pittoresques, le Cadre Royal et l'\u00c9tang de Thau lors de nos balades en bateau. D\u00e9couvrez la ville autrement avec l'Instant Nautique.","robots":{"index":"index","follow":"follow","max-snippet":"max-snippet:-1","max-image-preview":"max-image-preview:large","max-video-preview":"max-video-preview:-1"},"canonical":"https:\/\/instant-nautique.com\/sete-centre\/balades\/","og_locale":"fr_FR","og_type":"article","og_title":"Balades en Bateau S\u00e8te & \u00c9tang de Thau - Instant Nautique S\u00e8te centre - Cadre Royal","og_description":"Explorez S\u00e8te, ses canaux pittoresques, le Cadre Royal et l'\u00c9tang de Thau lors de nos balades en bateau. D\u00e9couvrez la ville autrement avec l'Instant Nautique.","og_url":"https:\/\/instant-nautique.com\/sete-centre\/balades\/","og_site_name":"Instant Nautique S\u00e8te centre - Cadre Royal","article_modified_time":"2026-01-21T12:52:33+00:00","twitter_card":"summary_large_image","schema":{"@context":"https:\/\/schema.org","@graph":[{"@type":"WebPage","@id":"https:\/\/instant-nautique.com\/sete-centre\/balades\/","url":"https:\/\/instant-nautique.com\/sete-centre\/balades\/","name":"Balades en Bateau S\u00e8te & \u00c9tang de Thau - Instant Nautique S\u00e8te centre - Cadre Royal","isPartOf":{"@id":"https:\/\/instant-nautique.com\/sete-centre\/#website"},"datePublished":"2025-06-04T12:23:59+00:00","dateModified":"2026-01-21T12:52:33+00:00","description":"Explorez S\u00e8te, ses canaux pittoresques, le Cadre Royal et l'\u00c9tang de Thau lors de nos balades en bateau. D\u00e9couvrez la ville autrement avec l'Instant Nautique.","breadcrumb":{"@id":"https:\/\/instant-nautique.com\/sete-centre\/balades\/#breadcrumb"},"inLanguage":"fr-FR","potentialAction":[{"@type":"ReadAction","target":["https:\/\/instant-nautique.com\/sete-centre\/balades\/"]}]},{"@type":"BreadcrumbList","@id":"https:\/\/instant-nautique.com\/sete-centre\/balades\/#breadcrumb","itemListElement":[{"@type":"ListItem","position":1,"name":"Accueil","item":"https:\/\/instant-nautique.com\/sete-centre\/"},{"@type":"ListItem","position":2,"name":"Balades en Bateau \u00e0 S\u00e8te : Explorez la Ville, les Canaux et l&rsquo;\u00c9tang de Thau !"}]},{"@type":"WebSite","@id":"https:\/\/instant-nautique.com\/sete-centre\/#website","url":"https:\/\/instant-nautique.com\/sete-centre\/","name":"Instant Nautique S\u00e8te centre - Cadre Royal","description":"","publisher":{"@id":"https:\/\/instant-nautique.com\/sete-centre\/#organization"},"potentialAction":[{"@type":"SearchAction","target":{"@type":"EntryPoint","urlTemplate":"https:\/\/instant-nautique.com\/sete-centre\/?s={search_term_string}"},"query-input":{"@type":"PropertyValueSpecification","valueRequired":true,"valueName":"search_term_string"}}],"inLanguage":"fr-FR"},{"@type":"Organization","@id":"https:\/\/instant-nautique.com\/sete-centre\/#organization","name":"Instant Nautique S\u00e8te centre - Cadre Royal","url":"https:\/\/instant-nautique.com\/sete-centre\/","logo":{"@type":"ImageObject","inLanguage":"fr-FR","@id":"https:\/\/instant-nautique.com\/sete-centre\/#\/schema\/logo\/image\/","url":"https:\/\/instant-nautique.com\/sete-centre\/wp-content\/uploads\/sites\/3\/2025\/06\/LOGO-InstantNautique-2025-Setecentre.png","contentUrl":"https:\/\/instant-nautique.com\/sete-centre\/wp-content\/uploads\/sites\/3\/2025\/06\/LOGO-InstantNautique-2025-Setecentre.png","width":709,"height":709,"caption":"Instant Nautique S\u00e8te centre - Cadre Royal"},"image":{"@id":"https:\/\/instant-nautique.com\/sete-centre\/#\/schema\/logo\/image\/"}}]}},"_links":{"self":[{"href":"https:\/\/instant-nautique.com\/sete-centre\/wp-json\/wp\/v2\/pages\/28","targetHints":{"allow":["GET"]}}],"collection":[{"href":"https:\/\/instant-nautique.com\/sete-centre\/wp-json\/wp\/v2\/pages"}],"about":[{"href":"https:\/\/instant-nautique.com\/sete-centre\/wp-json\/wp\/v2\/types\/page"}],"author":[{"embeddable":true,"href":"https:\/\/instant-nautique.com\/sete-centre\/wp-json\/wp\/v2\/users\/1"}],"replies":[{"embeddable":true,"href":"https:\/\/instant-nautique.com\/sete-centre\/wp-json\/wp\/v2\/comments?post=28"}],"version-history":[{"count":5,"href":"https:\/\/instant-nautique.com\/sete-centre\/wp-json\/wp\/v2\/pages\/28\/revisions"}],"predecessor-version":[{"id":188,"href":"https:\/\/instant-nautique.com\/sete-centre\/wp-json\/wp\/v2\/pages\/28\/revisions\/188"}],"wp:attachment":[{"href":"https:\/\/instant-nautique.com\/sete-centre\/wp-json\/wp\/v2\/media?parent=28"}],"curies":[{"name":"wp","href":"https:\/\/api.w.org\/{rel}","templated":true}]}}