{"id":125,"date":"2025-06-16T16:50:49","date_gmt":"2025-06-16T14:50:49","guid":{"rendered":"https:\/\/instant-nautique.com\/sete-centre\/?page_id=125"},"modified":"2025-07-03T10:04:59","modified_gmt":"2025-07-03T08:04:59","slug":"contact","status":"publish","type":"page","link":"https:\/\/instant-nautique.com\/sete-centre\/contact\/","title":{"rendered":"Besoin d&rsquo;un renseignement ? Contactez-nous !"},"content":{"rendered":"<div\n\tclass=\"vn-block schedule-block\"\n\t\tstyle=\"margin-top: 50px;margin-bottom: 100px;\"\tdata-id=\"block_8152210c12b9f14a264bcf2fe5e643fd\">\n\t<div class=\"schedule-block__container\">\n\t\t<div class=\"row schedule-block__row\">\n\t\t\t<div class=\"col-lg-2 schedule-block__logo-col\">\n\t\t\t\t<a href=\"https:\/\/instant-nautique.com\/sete-centre\/\" class=\"custom-logo-link\" rel=\"home\"><img loading=\"lazy\" decoding=\"async\" width=\"709\" height=\"709\" src=\"https:\/\/instant-nautique.com\/sete-centre\/wp-content\/uploads\/sites\/3\/2025\/06\/LOGO-InstantNautique-2025-Setecentre.png\" class=\"custom-logo\" alt=\"Instant Nautique S\u00e8te centre &#8211; Cadre Royal\" srcset=\"https:\/\/instant-nautique.com\/sete-centre\/wp-content\/uploads\/sites\/3\/2025\/06\/LOGO-InstantNautique-2025-Setecentre.png 709w, https:\/\/instant-nautique.com\/sete-centre\/wp-content\/uploads\/sites\/3\/2025\/06\/LOGO-InstantNautique-2025-Setecentre-300x300.png 300w, https:\/\/instant-nautique.com\/sete-centre\/wp-content\/uploads\/sites\/3\/2025\/06\/LOGO-InstantNautique-2025-Setecentre-150x150.png 150w, https:\/\/instant-nautique.com\/sete-centre\/wp-content\/uploads\/sites\/3\/2025\/06\/LOGO-InstantNautique-2025-Setecentre-100x100.png 100w\" sizes=\"auto, (max-width: 709px) 100vw, 709px\" \/><\/a>\t\t\t<\/div>\n\t\t\t<div class=\"col-lg-5 col-xl-6\">\n\t\t\t\t<h2 class=\"schedule-block__title\">Balade en bateau ou Mini Water Car, c\u2019est par ici !<\/h2><div class=\"schedule-block__content\"><p>Contactez-nous d\u00e8s \u00e0 pr\u00e9sent pour r\u00e9server une location ou une balade en bateau \u00e0 nos c\u00f4t\u00e9s !<\/p>\n<\/div><span class=\"schedule-block__address\">Centre ville de S\u00e8te (1 quai Charles Lemaresquier) <\/span><a href=\"https:\/\/www.google.com\/maps\/dir\/\/L'INSTANT+NAUTIQUE,+1+Quai+Charles+Lemaresquier,+34200+S%C3%A8te\/data=!4m6!4m5!1m1!4e2!1m2!1m1!1s0x12b13502610f0b6f:0xf8dcee6c6f807f73?sa=X&amp;ved=1t:57443&amp;ictx=111\" title=\"Voir l\u2019itin\u00e9raire\" target=\"_blank\" class=\"vn-btn vn-btn--arrow-link\" rel=\"noopener noreferrer\"><span class=\"vn-a-icon\"><i class=\"vn-icons-arrow-right\"><\/i><\/span><span class=\"vn-a-content\">Itin\u00e9raire<\/span><\/a>\t\t\t<\/div>\n\t\t\t<div class=\"col-lg-5 col-xl-4\">\n\t\t\t\t<div class=\"schedule-block__schedule\">\n\t\t\t\t\t<div class=\"row\">\n\t\t\t\t\t\t\t\t\t\t\t\t\t<div class=\"col-4\">Lundi<\/div>\n\t\t\t\t\t\t\t<div class=\"col-8\">09:00 \u2013 19:30<\/div>\n\t\t\t\t\t\t\t\t\t\t\t\t\t<div class=\"col-4\">Mardi<\/div>\n\t\t\t\t\t\t\t<div class=\"col-8\">09:00 \u2013 19:30<\/div>\n\t\t\t\t\t\t\t\t\t\t\t\t\t<div class=\"col-4\">Mercredi<\/div>\n\t\t\t\t\t\t\t<div class=\"col-8\">09:00 \u2013 19:30<\/div>\n\t\t\t\t\t\t\t\t\t\t\t\t\t<div class=\"col-4\">Jeudi<\/div>\n\t\t\t\t\t\t\t<div class=\"col-8\">09:00 \u2013 19:30<\/div>\n\t\t\t\t\t\t\t\t\t\t\t\t\t<div class=\"col-4\">Vendredi<\/div>\n\t\t\t\t\t\t\t<div class=\"col-8\">09:00 \u2013 19:30<\/div>\n\t\t\t\t\t\t\t\t\t\t\t\t\t<div class=\"col-4\">Samedi<\/div>\n\t\t\t\t\t\t\t<div class=\"col-8\">09:00 \u2013 19:30<\/div>\n\t\t\t\t\t\t\t\t\t\t\t\t\t<div class=\"col-4\">Dimanche<\/div>\n\t\t\t\t\t\t\t<div class=\"col-8\">09:00 \u2013 19:30<\/div>\n\t\t\t\t\t\t\t\t\t\t\t<\/div>\n\t\t\t\t<\/div>\n\t\t\t<\/div>\n\t\t<\/div>\n\t\t<div class=\"schedule-block__bottom\">\n\t\t\t<a href=\"tel:tel:07 83 65 97 87\" title=\"Appelez-nous\" target=\"_blank\" class=\"vn-btn vn-btn--pill vn-btn--pill--yellow gtm-sete-centre-phone-click\" rel=\"noopener noreferrer\"><span class=\"vn-a-content\">07 83 65 97 87<\/span><\/a><a href=\"mailto:info@instant-nautique.com\" title=\"Contacter par email\" target=\"_blank\" class=\"vn-btn vn-btn--pill vn-btn--pill--blue gtm-sete-centre-contact-click\" rel=\"noopener noreferrer\"><span class=\"vn-a-content\">Contacter par email<\/span><span class=\"vn-a-icon\"><i class=\"vn-icons-arrow-right\"><\/i><\/span><\/a>\t\t<\/div>\n\t<\/div>\n<\/div>\n\n\n<div\n    class=\"vn-block other-sites-block js-container\"\n        style=\"margin-top: 30px;margin-bottom: 100px;\"    data-id=\"block_50d27e8c6c73e8bfbad71438a13a6b00\">\n    <div class=\"other-sites-block__container container\">\n        <div class=\"row other-sites-block__container__row\">\n            <div class=\"col-sm-6 col-lg-3\">\n                <div class=\"other-sites-block__texts\">\n                    <h2 class=\"other-sites-block__title\">Besoin d\u2019aide ?<\/h2><div class=\"other-sites-block__content\"><p>Si vous avez une question concernant l\u2019une de nos activit\u00e9s ou bases nautiques, veuillez vous rendre directement sur le site de la base en question, dans la rubrique contact.<\/p>\n<\/div>                <\/div>\n            <\/div>\n            <div class=\"part-site col-sm-6 col-lg-3\">\n    <a href=\"https:\/\/instant-nautique.com\" class=\"part-site__wrapper\" target=\"_blank\" title=\"Instant Nautique\" rel=\"noopener noreferrer\">\n        <div class=\"\">\n            <img loading=\"lazy\" decoding=\"async\" width=\"300\" height=\"300\" src=\"https:\/\/instant-nautique.com\/sete-centre\/wp-content\/uploads\/2019\/07\/LOGO-InstantNautique-2025-Full-300x300.png\" class=\"attachment-medium size-medium\" alt=\"\" srcset=\"https:\/\/instant-nautique.com\/sete-centre\/wp-content\/uploads\/2019\/07\/LOGO-InstantNautique-2025-Full-300x300.png 300w, https:\/\/instant-nautique.com\/sete-centre\/wp-content\/uploads\/2019\/07\/LOGO-InstantNautique-2025-Full-150x150.png 150w, https:\/\/instant-nautique.com\/sete-centre\/wp-content\/uploads\/2019\/07\/LOGO-InstantNautique-2025-Full-100x100.png 100w, https:\/\/instant-nautique.com\/sete-centre\/wp-content\/uploads\/2019\/07\/LOGO-InstantNautique-2025-Full.png 709w\" sizes=\"auto, (max-width: 300px) 100vw, 300px\" \/><span class=\"part-site__title\">Instant Nautique<\/span><span class=\"part-site__subtitle\">Le site internet rassemblant les bases nautiques.<\/span>        <\/div>\n        <span class=\"card-fields__field\">\n            <span class=\"card-fields__icon card-fields__icon--arrow\"><i class=\"vn-css-icons-arrow-right\"><\/i><\/span>\n            <span class=\"card-fields__title\">En savoir plus<\/span>\n        <\/span>\n    <\/a>\n<\/div>\n<div class=\"part-site col-sm-6 col-lg-3\">\n    <a href=\"https:\/\/instant-nautique.com\/mole-saint-louis\" class=\"part-site__wrapper\" target=\"_blank\" title=\"Instant Nautique S\u00e8te - M\u00f4le Saint-Louis\" rel=\"noopener noreferrer\">\n        <div class=\"\">\n            <img loading=\"lazy\" decoding=\"async\" width=\"300\" height=\"300\" src=\"https:\/\/instant-nautique.com\/sete-centre\/wp-content\/uploads\/sites\/2\/2025\/06\/LOGO-InstantNautique-2025-MoleSL-300x300.png\" class=\"attachment-medium size-medium\" alt=\"\" srcset=\"https:\/\/instant-nautique.com\/sete-centre\/wp-content\/uploads\/sites\/2\/2025\/06\/LOGO-InstantNautique-2025-MoleSL-300x300.png 300w, https:\/\/instant-nautique.com\/sete-centre\/wp-content\/uploads\/sites\/2\/2025\/06\/LOGO-InstantNautique-2025-MoleSL-150x150.png 150w, https:\/\/instant-nautique.com\/sete-centre\/wp-content\/uploads\/sites\/2\/2025\/06\/LOGO-InstantNautique-2025-MoleSL-100x100.png 100w, https:\/\/instant-nautique.com\/sete-centre\/wp-content\/uploads\/sites\/2\/2025\/06\/LOGO-InstantNautique-2025-MoleSL.png 709w\" sizes=\"auto, (max-width: 300px) 100vw, 300px\" \/><span class=\"part-site__title\">Instant Nautique S\u00e8te &#8211; M\u00f4le Saint-Louis<\/span><span class=\"part-site__subtitle\">Le M\u00f4le Saint-Louis, 34200 S\u00e8te<\/span>        <\/div>\n        <span class=\"card-fields__field\">\n            <span class=\"card-fields__icon card-fields__icon--arrow\"><i class=\"vn-css-icons-arrow-right\"><\/i><\/span>\n            <span class=\"card-fields__title\">En savoir plus<\/span>\n        <\/span>\n    <\/a>\n<\/div>\n<div class=\"part-site col-sm-6 col-lg-3\">\n    <a href=\"https:\/\/instant-nautique.com\/marseillan\" class=\"part-site__wrapper\" target=\"_blank\" title=\"Instant Nautique Marseillan\" rel=\"noopener noreferrer\">\n        <div class=\"\">\n            <img loading=\"lazy\" decoding=\"async\" width=\"300\" height=\"300\" src=\"https:\/\/instant-nautique.com\/sete-centre\/wp-content\/uploads\/sites\/4\/2019\/07\/LOGO-InstantNautique-2025-Marseillan-300x300.png\" class=\"attachment-medium size-medium\" alt=\"\" srcset=\"https:\/\/instant-nautique.com\/sete-centre\/wp-content\/uploads\/sites\/4\/2019\/07\/LOGO-InstantNautique-2025-Marseillan-300x300.png 300w, https:\/\/instant-nautique.com\/sete-centre\/wp-content\/uploads\/sites\/4\/2019\/07\/LOGO-InstantNautique-2025-Marseillan-150x150.png 150w, https:\/\/instant-nautique.com\/sete-centre\/wp-content\/uploads\/sites\/4\/2019\/07\/LOGO-InstantNautique-2025-Marseillan-100x100.png 100w, https:\/\/instant-nautique.com\/sete-centre\/wp-content\/uploads\/sites\/4\/2019\/07\/LOGO-InstantNautique-2025-Marseillan.png 709w\" sizes=\"auto, (max-width: 300px) 100vw, 300px\" \/><span class=\"part-site__title\">Instant Nautique Marseillan<\/span><span class=\"part-site__subtitle\">All\u00e9e Andr\u00e9 Filliol, Quai d&rsquo;honneur, 34340 Marseillan<\/span>        <\/div>\n        <span class=\"card-fields__field\">\n            <span class=\"card-fields__icon card-fields__icon--arrow\"><i class=\"vn-css-icons-arrow-right\"><\/i><\/span>\n            <span class=\"card-fields__title\">En savoir plus<\/span>\n        <\/span>\n    <\/a>\n<\/div>\n        <\/div>\n    <\/div>\n<\/div>\n","protected":false},"excerpt":{"rendered":"","protected":false},"author":1,"featured_media":0,"parent":0,"menu_order":0,"comment_status":"closed","ping_status":"closed","template":"","meta":{"_acf_changed":false,"footnotes":""},"class_list":["post-125","page","type-page","status-publish","hentry"],"acf":[],"yoast_head":"<!-- This site is optimized with the Yoast SEO plugin v27.4 - https:\/\/yoast.com\/product\/yoast-seo-wordpress\/ -->\n<title>Besoin d&#039;un renseignement ? Contactez-nous ! - Instant Nautique S\u00e8te centre - Cadre Royal<\/title>\n<meta name=\"robots\" content=\"index, follow, max-snippet:-1, max-image-preview:large, max-video-preview:-1\" \/>\n<link rel=\"canonical\" href=\"https:\/\/instant-nautique.com\/sete-centre\/contact\/\" \/>\n<meta property=\"og:locale\" content=\"fr_FR\" \/>\n<meta property=\"og:type\" content=\"article\" \/>\n<meta property=\"og:title\" content=\"Besoin d&#039;un renseignement ? Contactez-nous ! - Instant Nautique S\u00e8te centre - Cadre Royal\" \/>\n<meta property=\"og:url\" content=\"https:\/\/instant-nautique.com\/sete-centre\/contact\/\" \/>\n<meta property=\"og:site_name\" content=\"Instant Nautique S\u00e8te centre - Cadre Royal\" \/>\n<meta property=\"article:modified_time\" content=\"2025-07-03T08:04:59+00:00\" \/>\n<meta name=\"twitter:card\" content=\"summary_large_image\" \/>\n<script type=\"application\/ld+json\" class=\"yoast-schema-graph\">{\"@context\":\"https:\\\/\\\/schema.org\",\"@graph\":[{\"@type\":\"WebPage\",\"@id\":\"https:\\\/\\\/instant-nautique.com\\\/sete-centre\\\/contact\\\/\",\"url\":\"https:\\\/\\\/instant-nautique.com\\\/sete-centre\\\/contact\\\/\",\"name\":\"Besoin d'un renseignement ? Contactez-nous ! - Instant Nautique S\u00e8te centre - Cadre Royal\",\"isPartOf\":{\"@id\":\"https:\\\/\\\/instant-nautique.com\\\/sete-centre\\\/#website\"},\"datePublished\":\"2025-06-16T14:50:49+00:00\",\"dateModified\":\"2025-07-03T08:04:59+00:00\",\"breadcrumb\":{\"@id\":\"https:\\\/\\\/instant-nautique.com\\\/sete-centre\\\/contact\\\/#breadcrumb\"},\"inLanguage\":\"fr-FR\",\"potentialAction\":[{\"@type\":\"ReadAction\",\"target\":[\"https:\\\/\\\/instant-nautique.com\\\/sete-centre\\\/contact\\\/\"]}]},{\"@type\":\"BreadcrumbList\",\"@id\":\"https:\\\/\\\/instant-nautique.com\\\/sete-centre\\\/contact\\\/#breadcrumb\",\"itemListElement\":[{\"@type\":\"ListItem\",\"position\":1,\"name\":\"Accueil\",\"item\":\"https:\\\/\\\/instant-nautique.com\\\/sete-centre\\\/\"},{\"@type\":\"ListItem\",\"position\":2,\"name\":\"Besoin d&rsquo;un renseignement ? Contactez-nous !\"}]},{\"@type\":\"WebSite\",\"@id\":\"https:\\\/\\\/instant-nautique.com\\\/sete-centre\\\/#website\",\"url\":\"https:\\\/\\\/instant-nautique.com\\\/sete-centre\\\/\",\"name\":\"Instant Nautique S\u00e8te centre - Cadre Royal\",\"description\":\"\",\"publisher\":{\"@id\":\"https:\\\/\\\/instant-nautique.com\\\/sete-centre\\\/#organization\"},\"potentialAction\":[{\"@type\":\"SearchAction\",\"target\":{\"@type\":\"EntryPoint\",\"urlTemplate\":\"https:\\\/\\\/instant-nautique.com\\\/sete-centre\\\/?s={search_term_string}\"},\"query-input\":{\"@type\":\"PropertyValueSpecification\",\"valueRequired\":true,\"valueName\":\"search_term_string\"}}],\"inLanguage\":\"fr-FR\"},{\"@type\":\"Organization\",\"@id\":\"https:\\\/\\\/instant-nautique.com\\\/sete-centre\\\/#organization\",\"name\":\"Instant Nautique S\u00e8te centre - Cadre Royal\",\"url\":\"https:\\\/\\\/instant-nautique.com\\\/sete-centre\\\/\",\"logo\":{\"@type\":\"ImageObject\",\"inLanguage\":\"fr-FR\",\"@id\":\"https:\\\/\\\/instant-nautique.com\\\/sete-centre\\\/#\\\/schema\\\/logo\\\/image\\\/\",\"url\":\"https:\\\/\\\/instant-nautique.com\\\/sete-centre\\\/wp-content\\\/uploads\\\/sites\\\/3\\\/2025\\\/06\\\/LOGO-InstantNautique-2025-Setecentre.png\",\"contentUrl\":\"https:\\\/\\\/instant-nautique.com\\\/sete-centre\\\/wp-content\\\/uploads\\\/sites\\\/3\\\/2025\\\/06\\\/LOGO-InstantNautique-2025-Setecentre.png\",\"width\":709,\"height\":709,\"caption\":\"Instant Nautique S\u00e8te centre - Cadre Royal\"},\"image\":{\"@id\":\"https:\\\/\\\/instant-nautique.com\\\/sete-centre\\\/#\\\/schema\\\/logo\\\/image\\\/\"}}]}<\/script>\n<!-- \/ Yoast SEO plugin. -->","yoast_head_json":{"title":"Besoin d'un renseignement ? Contactez-nous ! - Instant Nautique S\u00e8te centre - Cadre Royal","robots":{"index":"index","follow":"follow","max-snippet":"max-snippet:-1","max-image-preview":"max-image-preview:large","max-video-preview":"max-video-preview:-1"},"canonical":"https:\/\/instant-nautique.com\/sete-centre\/contact\/","og_locale":"fr_FR","og_type":"article","og_title":"Besoin d'un renseignement ? Contactez-nous ! - Instant Nautique S\u00e8te centre - Cadre Royal","og_url":"https:\/\/instant-nautique.com\/sete-centre\/contact\/","og_site_name":"Instant Nautique S\u00e8te centre - Cadre Royal","article_modified_time":"2025-07-03T08:04:59+00:00","twitter_card":"summary_large_image","schema":{"@context":"https:\/\/schema.org","@graph":[{"@type":"WebPage","@id":"https:\/\/instant-nautique.com\/sete-centre\/contact\/","url":"https:\/\/instant-nautique.com\/sete-centre\/contact\/","name":"Besoin d'un renseignement ? Contactez-nous ! - Instant Nautique S\u00e8te centre - Cadre Royal","isPartOf":{"@id":"https:\/\/instant-nautique.com\/sete-centre\/#website"},"datePublished":"2025-06-16T14:50:49+00:00","dateModified":"2025-07-03T08:04:59+00:00","breadcrumb":{"@id":"https:\/\/instant-nautique.com\/sete-centre\/contact\/#breadcrumb"},"inLanguage":"fr-FR","potentialAction":[{"@type":"ReadAction","target":["https:\/\/instant-nautique.com\/sete-centre\/contact\/"]}]},{"@type":"BreadcrumbList","@id":"https:\/\/instant-nautique.com\/sete-centre\/contact\/#breadcrumb","itemListElement":[{"@type":"ListItem","position":1,"name":"Accueil","item":"https:\/\/instant-nautique.com\/sete-centre\/"},{"@type":"ListItem","position":2,"name":"Besoin d&rsquo;un renseignement ? Contactez-nous !"}]},{"@type":"WebSite","@id":"https:\/\/instant-nautique.com\/sete-centre\/#website","url":"https:\/\/instant-nautique.com\/sete-centre\/","name":"Instant Nautique S\u00e8te centre - Cadre Royal","description":"","publisher":{"@id":"https:\/\/instant-nautique.com\/sete-centre\/#organization"},"potentialAction":[{"@type":"SearchAction","target":{"@type":"EntryPoint","urlTemplate":"https:\/\/instant-nautique.com\/sete-centre\/?s={search_term_string}"},"query-input":{"@type":"PropertyValueSpecification","valueRequired":true,"valueName":"search_term_string"}}],"inLanguage":"fr-FR"},{"@type":"Organization","@id":"https:\/\/instant-nautique.com\/sete-centre\/#organization","name":"Instant Nautique S\u00e8te centre - Cadre Royal","url":"https:\/\/instant-nautique.com\/sete-centre\/","logo":{"@type":"ImageObject","inLanguage":"fr-FR","@id":"https:\/\/instant-nautique.com\/sete-centre\/#\/schema\/logo\/image\/","url":"https:\/\/instant-nautique.com\/sete-centre\/wp-content\/uploads\/sites\/3\/2025\/06\/LOGO-InstantNautique-2025-Setecentre.png","contentUrl":"https:\/\/instant-nautique.com\/sete-centre\/wp-content\/uploads\/sites\/3\/2025\/06\/LOGO-InstantNautique-2025-Setecentre.png","width":709,"height":709,"caption":"Instant Nautique S\u00e8te centre - Cadre Royal"},"image":{"@id":"https:\/\/instant-nautique.com\/sete-centre\/#\/schema\/logo\/image\/"}}]}},"_links":{"self":[{"href":"https:\/\/instant-nautique.com\/sete-centre\/wp-json\/wp\/v2\/pages\/125","targetHints":{"allow":["GET"]}}],"collection":[{"href":"https:\/\/instant-nautique.com\/sete-centre\/wp-json\/wp\/v2\/pages"}],"about":[{"href":"https:\/\/instant-nautique.com\/sete-centre\/wp-json\/wp\/v2\/types\/page"}],"author":[{"embeddable":true,"href":"https:\/\/instant-nautique.com\/sete-centre\/wp-json\/wp\/v2\/users\/1"}],"replies":[{"embeddable":true,"href":"https:\/\/instant-nautique.com\/sete-centre\/wp-json\/wp\/v2\/comments?post=125"}],"version-history":[{"count":5,"href":"https:\/\/instant-nautique.com\/sete-centre\/wp-json\/wp\/v2\/pages\/125\/revisions"}],"predecessor-version":[{"id":157,"href":"https:\/\/instant-nautique.com\/sete-centre\/wp-json\/wp\/v2\/pages\/125\/revisions\/157"}],"wp:attachment":[{"href":"https:\/\/instant-nautique.com\/sete-centre\/wp-json\/wp\/v2\/media?parent=125"}],"curies":[{"name":"wp","href":"https:\/\/api.w.org\/{rel}","templated":true}]}}