{"id":92,"date":"2019-07-22T20:25:49","date_gmt":"2019-07-22T18:25:49","guid":{"rendered":"https:\/\/capcaraibes-loisirs.com\/instant-nautique\/?post_type=product&#038;p=92"},"modified":"2025-07-02T16:16:22","modified_gmt":"2025-07-02T14:16:22","slug":"bon-cadeau-parachute-ascensionnel","status":"publish","type":"product","link":"https:\/\/instant-nautique.com\/marseillan\/produit\/bon-cadeau-parachute-ascensionnel\/","title":{"rendered":"Bon cadeau parachute ascensionnel"},"content":{"rendered":"","protected":false},"excerpt":{"rendered":"<p>Volez en toute s\u00e9curit\u00e9 assis dans votre harnais et d\u00e9couvrez une vue \u00e0 couper le souffle sur le Mont Clair et Marseillan Plage.<\/p>\n","protected":false},"featured_media":783,"comment_status":"closed","ping_status":"closed","template":"","meta":{"_acf_changed":false},"product_brand":[],"product_cat":[20],"product_tag":[],"class_list":{"0":"post-92","1":"product","2":"type-product","3":"status-publish","4":"has-post-thumbnail","6":"product_cat-bon-cadeau","8":"first","9":"instock","10":"shipping-taxable","11":"purchasable","12":"product-type-variable"},"acf":[],"yoast_head":"<!-- This site is optimized with the Yoast SEO plugin v27.4 - https:\/\/yoast.com\/product\/yoast-seo-wordpress\/ -->\n<title>Bon cadeau parachute ascensionnel - Instant Nautique Marseillan<\/title>\n<meta name=\"robots\" content=\"index, follow, max-snippet:-1, max-image-preview:large, max-video-preview:-1\" \/>\n<link rel=\"canonical\" href=\"https:\/\/instant-nautique.com\/marseillan\/produit\/bon-cadeau-parachute-ascensionnel\/\" \/>\n<meta property=\"og:locale\" content=\"fr_FR\" \/>\n<meta property=\"og:type\" content=\"article\" \/>\n<meta property=\"og:title\" content=\"Bon cadeau parachute ascensionnel - Instant Nautique Marseillan\" \/>\n<meta property=\"og:description\" content=\"Volez en toute s\u00e9curit\u00e9 assis dans votre harnais et d\u00e9couvrez une vue \u00e0 couper le souffle sur le Mont Clair et Marseillan Plage.\" \/>\n<meta property=\"og:url\" content=\"https:\/\/instant-nautique.com\/marseillan\/produit\/bon-cadeau-parachute-ascensionnel\/\" \/>\n<meta property=\"og:site_name\" content=\"Instant Nautique Marseillan\" \/>\n<meta property=\"article:modified_time\" content=\"2025-07-02T14:16:22+00:00\" \/>\n<meta property=\"og:image\" content=\"https:\/\/instant-nautique.com\/marseillan\/wp-content\/uploads\/sites\/4\/2019\/07\/Cheque-kdo-Instant-1536x1536-1.jpg\" \/>\n\t<meta property=\"og:image:width\" content=\"1536\" \/>\n\t<meta property=\"og:image:height\" content=\"1536\" \/>\n\t<meta property=\"og:image:type\" content=\"image\/jpeg\" \/>\n<meta name=\"twitter:card\" content=\"summary_large_image\" \/>\n<meta name=\"twitter:label1\" content=\"Dur\u00e9e de lecture estim\u00e9e\" \/>\n\t<meta name=\"twitter:data1\" content=\"1 minute\" \/>\n<script type=\"application\/ld+json\" class=\"yoast-schema-graph\">{\"@context\":\"https:\\\/\\\/schema.org\",\"@graph\":[{\"@type\":\"WebPage\",\"@id\":\"https:\\\/\\\/instant-nautique.com\\\/marseillan\\\/produit\\\/bon-cadeau-parachute-ascensionnel\\\/\",\"url\":\"https:\\\/\\\/instant-nautique.com\\\/marseillan\\\/produit\\\/bon-cadeau-parachute-ascensionnel\\\/\",\"name\":\"Bon cadeau parachute ascensionnel - Instant Nautique Marseillan\",\"isPartOf\":{\"@id\":\"https:\\\/\\\/instant-nautique.com\\\/marseillan\\\/#website\"},\"primaryImageOfPage\":{\"@id\":\"https:\\\/\\\/instant-nautique.com\\\/marseillan\\\/produit\\\/bon-cadeau-parachute-ascensionnel\\\/#primaryimage\"},\"image\":{\"@id\":\"https:\\\/\\\/instant-nautique.com\\\/marseillan\\\/produit\\\/bon-cadeau-parachute-ascensionnel\\\/#primaryimage\"},\"thumbnailUrl\":\"https:\\\/\\\/instant-nautique.com\\\/marseillan\\\/wp-content\\\/uploads\\\/sites\\\/4\\\/2019\\\/07\\\/Cheque-kdo-Instant-1536x1536-1.jpg\",\"datePublished\":\"2019-07-22T18:25:49+00:00\",\"dateModified\":\"2025-07-02T14:16:22+00:00\",\"breadcrumb\":{\"@id\":\"https:\\\/\\\/instant-nautique.com\\\/marseillan\\\/produit\\\/bon-cadeau-parachute-ascensionnel\\\/#breadcrumb\"},\"inLanguage\":\"fr-FR\",\"potentialAction\":[{\"@type\":\"ReadAction\",\"target\":[\"https:\\\/\\\/instant-nautique.com\\\/marseillan\\\/produit\\\/bon-cadeau-parachute-ascensionnel\\\/\"]}]},{\"@type\":\"ImageObject\",\"inLanguage\":\"fr-FR\",\"@id\":\"https:\\\/\\\/instant-nautique.com\\\/marseillan\\\/produit\\\/bon-cadeau-parachute-ascensionnel\\\/#primaryimage\",\"url\":\"https:\\\/\\\/instant-nautique.com\\\/marseillan\\\/wp-content\\\/uploads\\\/sites\\\/4\\\/2019\\\/07\\\/Cheque-kdo-Instant-1536x1536-1.jpg\",\"contentUrl\":\"https:\\\/\\\/instant-nautique.com\\\/marseillan\\\/wp-content\\\/uploads\\\/sites\\\/4\\\/2019\\\/07\\\/Cheque-kdo-Instant-1536x1536-1.jpg\",\"width\":1536,\"height\":1536},{\"@type\":\"BreadcrumbList\",\"@id\":\"https:\\\/\\\/instant-nautique.com\\\/marseillan\\\/produit\\\/bon-cadeau-parachute-ascensionnel\\\/#breadcrumb\",\"itemListElement\":[{\"@type\":\"ListItem\",\"position\":1,\"name\":\"Accueil\",\"item\":\"https:\\\/\\\/instant-nautique.com\\\/marseillan\\\/\"},{\"@type\":\"ListItem\",\"position\":2,\"name\":\"Boutique\",\"item\":\"https:\\\/\\\/instant-nautique.com\\\/marseillan\\\/boutique\\\/\"},{\"@type\":\"ListItem\",\"position\":3,\"name\":\"Bon cadeau parachute ascensionnel\"}]},{\"@type\":\"WebSite\",\"@id\":\"https:\\\/\\\/instant-nautique.com\\\/marseillan\\\/#website\",\"url\":\"https:\\\/\\\/instant-nautique.com\\\/marseillan\\\/\",\"name\":\"Instant Nautique Marseillan\",\"description\":\"\",\"publisher\":{\"@id\":\"https:\\\/\\\/instant-nautique.com\\\/marseillan\\\/#organization\"},\"potentialAction\":[{\"@type\":\"SearchAction\",\"target\":{\"@type\":\"EntryPoint\",\"urlTemplate\":\"https:\\\/\\\/instant-nautique.com\\\/marseillan\\\/?s={search_term_string}\"},\"query-input\":{\"@type\":\"PropertyValueSpecification\",\"valueRequired\":true,\"valueName\":\"search_term_string\"}}],\"inLanguage\":\"fr-FR\"},{\"@type\":\"Organization\",\"@id\":\"https:\\\/\\\/instant-nautique.com\\\/marseillan\\\/#organization\",\"name\":\"Instant Nautique Marseillan\",\"url\":\"https:\\\/\\\/instant-nautique.com\\\/marseillan\\\/\",\"logo\":{\"@type\":\"ImageObject\",\"inLanguage\":\"fr-FR\",\"@id\":\"https:\\\/\\\/instant-nautique.com\\\/marseillan\\\/#\\\/schema\\\/logo\\\/image\\\/\",\"url\":\"https:\\\/\\\/instant-nautique.com\\\/marseillan\\\/wp-content\\\/uploads\\\/sites\\\/4\\\/2019\\\/07\\\/LOGO-InstantNautique-2025-Marseillan.png\",\"contentUrl\":\"https:\\\/\\\/instant-nautique.com\\\/marseillan\\\/wp-content\\\/uploads\\\/sites\\\/4\\\/2019\\\/07\\\/LOGO-InstantNautique-2025-Marseillan.png\",\"width\":709,\"height\":709,\"caption\":\"Instant Nautique Marseillan\"},\"image\":{\"@id\":\"https:\\\/\\\/instant-nautique.com\\\/marseillan\\\/#\\\/schema\\\/logo\\\/image\\\/\"}}]}<\/script>\n<!-- \/ Yoast SEO plugin. -->","yoast_head_json":{"title":"Bon cadeau parachute ascensionnel - Instant Nautique Marseillan","robots":{"index":"index","follow":"follow","max-snippet":"max-snippet:-1","max-image-preview":"max-image-preview:large","max-video-preview":"max-video-preview:-1"},"canonical":"https:\/\/instant-nautique.com\/marseillan\/produit\/bon-cadeau-parachute-ascensionnel\/","og_locale":"fr_FR","og_type":"article","og_title":"Bon cadeau parachute ascensionnel - Instant Nautique Marseillan","og_description":"Volez en toute s\u00e9curit\u00e9 assis dans votre harnais et d\u00e9couvrez une vue \u00e0 couper le souffle sur le Mont Clair et Marseillan Plage.","og_url":"https:\/\/instant-nautique.com\/marseillan\/produit\/bon-cadeau-parachute-ascensionnel\/","og_site_name":"Instant Nautique Marseillan","article_modified_time":"2025-07-02T14:16:22+00:00","og_image":[{"width":1536,"height":1536,"url":"https:\/\/instant-nautique.com\/marseillan\/wp-content\/uploads\/sites\/4\/2019\/07\/Cheque-kdo-Instant-1536x1536-1.jpg","type":"image\/jpeg"}],"twitter_card":"summary_large_image","twitter_misc":{"Dur\u00e9e de lecture estim\u00e9e":"1 minute"},"schema":{"@context":"https:\/\/schema.org","@graph":[{"@type":"WebPage","@id":"https:\/\/instant-nautique.com\/marseillan\/produit\/bon-cadeau-parachute-ascensionnel\/","url":"https:\/\/instant-nautique.com\/marseillan\/produit\/bon-cadeau-parachute-ascensionnel\/","name":"Bon cadeau parachute ascensionnel - Instant Nautique Marseillan","isPartOf":{"@id":"https:\/\/instant-nautique.com\/marseillan\/#website"},"primaryImageOfPage":{"@id":"https:\/\/instant-nautique.com\/marseillan\/produit\/bon-cadeau-parachute-ascensionnel\/#primaryimage"},"image":{"@id":"https:\/\/instant-nautique.com\/marseillan\/produit\/bon-cadeau-parachute-ascensionnel\/#primaryimage"},"thumbnailUrl":"https:\/\/instant-nautique.com\/marseillan\/wp-content\/uploads\/sites\/4\/2019\/07\/Cheque-kdo-Instant-1536x1536-1.jpg","datePublished":"2019-07-22T18:25:49+00:00","dateModified":"2025-07-02T14:16:22+00:00","breadcrumb":{"@id":"https:\/\/instant-nautique.com\/marseillan\/produit\/bon-cadeau-parachute-ascensionnel\/#breadcrumb"},"inLanguage":"fr-FR","potentialAction":[{"@type":"ReadAction","target":["https:\/\/instant-nautique.com\/marseillan\/produit\/bon-cadeau-parachute-ascensionnel\/"]}]},{"@type":"ImageObject","inLanguage":"fr-FR","@id":"https:\/\/instant-nautique.com\/marseillan\/produit\/bon-cadeau-parachute-ascensionnel\/#primaryimage","url":"https:\/\/instant-nautique.com\/marseillan\/wp-content\/uploads\/sites\/4\/2019\/07\/Cheque-kdo-Instant-1536x1536-1.jpg","contentUrl":"https:\/\/instant-nautique.com\/marseillan\/wp-content\/uploads\/sites\/4\/2019\/07\/Cheque-kdo-Instant-1536x1536-1.jpg","width":1536,"height":1536},{"@type":"BreadcrumbList","@id":"https:\/\/instant-nautique.com\/marseillan\/produit\/bon-cadeau-parachute-ascensionnel\/#breadcrumb","itemListElement":[{"@type":"ListItem","position":1,"name":"Accueil","item":"https:\/\/instant-nautique.com\/marseillan\/"},{"@type":"ListItem","position":2,"name":"Boutique","item":"https:\/\/instant-nautique.com\/marseillan\/boutique\/"},{"@type":"ListItem","position":3,"name":"Bon cadeau parachute ascensionnel"}]},{"@type":"WebSite","@id":"https:\/\/instant-nautique.com\/marseillan\/#website","url":"https:\/\/instant-nautique.com\/marseillan\/","name":"Instant Nautique Marseillan","description":"","publisher":{"@id":"https:\/\/instant-nautique.com\/marseillan\/#organization"},"potentialAction":[{"@type":"SearchAction","target":{"@type":"EntryPoint","urlTemplate":"https:\/\/instant-nautique.com\/marseillan\/?s={search_term_string}"},"query-input":{"@type":"PropertyValueSpecification","valueRequired":true,"valueName":"search_term_string"}}],"inLanguage":"fr-FR"},{"@type":"Organization","@id":"https:\/\/instant-nautique.com\/marseillan\/#organization","name":"Instant Nautique Marseillan","url":"https:\/\/instant-nautique.com\/marseillan\/","logo":{"@type":"ImageObject","inLanguage":"fr-FR","@id":"https:\/\/instant-nautique.com\/marseillan\/#\/schema\/logo\/image\/","url":"https:\/\/instant-nautique.com\/marseillan\/wp-content\/uploads\/sites\/4\/2019\/07\/LOGO-InstantNautique-2025-Marseillan.png","contentUrl":"https:\/\/instant-nautique.com\/marseillan\/wp-content\/uploads\/sites\/4\/2019\/07\/LOGO-InstantNautique-2025-Marseillan.png","width":709,"height":709,"caption":"Instant Nautique Marseillan"},"image":{"@id":"https:\/\/instant-nautique.com\/marseillan\/#\/schema\/logo\/image\/"}}]}},"_links":{"self":[{"href":"https:\/\/instant-nautique.com\/marseillan\/wp-json\/wp\/v2\/product\/92","targetHints":{"allow":["GET"]}}],"collection":[{"href":"https:\/\/instant-nautique.com\/marseillan\/wp-json\/wp\/v2\/product"}],"about":[{"href":"https:\/\/instant-nautique.com\/marseillan\/wp-json\/wp\/v2\/types\/product"}],"replies":[{"embeddable":true,"href":"https:\/\/instant-nautique.com\/marseillan\/wp-json\/wp\/v2\/comments?post=92"}],"wp:featuredmedia":[{"embeddable":true,"href":"https:\/\/instant-nautique.com\/marseillan\/wp-json\/wp\/v2\/media\/783"}],"wp:attachment":[{"href":"https:\/\/instant-nautique.com\/marseillan\/wp-json\/wp\/v2\/media?parent=92"}],"wp:term":[{"taxonomy":"product_brand","embeddable":true,"href":"https:\/\/instant-nautique.com\/marseillan\/wp-json\/wp\/v2\/product_brand?post=92"},{"taxonomy":"product_cat","embeddable":true,"href":"https:\/\/instant-nautique.com\/marseillan\/wp-json\/wp\/v2\/product_cat?post=92"},{"taxonomy":"product_tag","embeddable":true,"href":"https:\/\/instant-nautique.com\/marseillan\/wp-json\/wp\/v2\/product_tag?post=92"}],"curies":[{"name":"wp","href":"https:\/\/api.w.org\/{rel}","templated":true}]}}