{"id":709,"date":"2023-06-15T16:47:17","date_gmt":"2023-06-15T14:47:17","guid":{"rendered":"https:\/\/instant-nautique.com\/?page_id=709"},"modified":"2025-06-17T12:05:38","modified_gmt":"2025-06-17T10:05:38","slug":"vol-parachute-info","status":"publish","type":"page","link":"https:\/\/instant-nautique.com\/marseillan\/vol-parachute-info\/","title":{"rendered":"Comment se passe un vol en parachute ascensionnel nautique ?"},"content":{"rendered":"<div\n\tclass=\"vn-block text-big-image-block js-container\"\n\t\tstyle=\"margin-top: 50px;margin-bottom: 100px;\">\n\t<div class=\"text-big-image-block__container container\">\n\t\t<div class=\"row gx-0\">\n\t\t\t<div class=\"col-lg-6 text-big-image-block__contents-col\">\n\t\t\t\t<div class=\"text-big-image-block__contents\">\n\t\t\t\t\t<h2 class=\"text-big-image-block__title\">L\u2019exp\u00e9rience en parachute ascensionnel nautique est une aventure exaltante<\/h2><div class=\"text-big-image-block__content\"><p>Elle vous permet de d\u00e9couvrir les merveilles du ciel et de la mer en m\u00eame temps. Imaginez-vous flottant dans les airs, suspendu \u00e0 un parachute color\u00e9, tandis que vous \u00eates tract\u00e9 par un bateau puissant et naviguez au-dessus des magnifiques \u00e9tendues d\u2019eau de notre beau littoral de Marseillan Plage.<\/p>\n<p>Aucun \u00e9quipement sp\u00e9cifique n\u2019est \u00e0 pr\u00e9voir. Vous pouvez venir habill\u00e9, mais les risques d\u2019\u00eatre mouill\u00e9s sont grands\u2026 Nous vous recommandons donc le maillot de bain qui vous permettra d\u2019\u00eatre plus \u00e0 l\u2019aise. Pensez \u00e9galement aux photos pour immortaliser ce moment. N\u2019h\u00e9sitez pas \u00e0 nous demander des conseils, nous avons l\u2019habitude.<\/p>\n<\/div>\t\t\t\t<\/div>\n\t\t\t<\/div>\n\t\t\t<div class=\"col-lg-6 text-big-image-block__image-col\">\n\t\t\t\t<div class=\"text-big-image-block__image-wrapper\">\n\t\t\t\t\t<img loading=\"lazy\" decoding=\"async\" width=\"640\" height=\"458\" src=\"https:\/\/instant-nautique.com\/marseillan\/wp-content\/uploads\/sites\/4\/2023\/05\/11c60166219e122733abf11ee8a3fb07.jpg\" class=\"attachment-large size-large\" alt=\"Parachute ascensionnel\" srcset=\"https:\/\/instant-nautique.com\/marseillan\/wp-content\/uploads\/sites\/4\/2023\/05\/11c60166219e122733abf11ee8a3fb07.jpg 1024w, https:\/\/instant-nautique.com\/marseillan\/wp-content\/uploads\/sites\/4\/2023\/05\/11c60166219e122733abf11ee8a3fb07-300x214.jpg 300w, https:\/\/instant-nautique.com\/marseillan\/wp-content\/uploads\/sites\/4\/2023\/05\/11c60166219e122733abf11ee8a3fb07-768x549.jpg 768w\" sizes=\"auto, (max-width: 640px) 100vw, 640px\" \/>\t\t\t\t<\/div>\n\t\t\t<\/div>\n\t\t<\/div>\n\t<\/div>\n<\/div>\n\n\n<div\n\tclass=\"vn-block text-big-image-block js-container text-big-image-block--image-left\"\n\t\tstyle=\"margin-top: -50px;margin-bottom: 100px;\">\n\t<div class=\"text-big-image-block__container container\">\n\t\t<div class=\"row gx-0\">\n\t\t\t<div class=\"col-lg-6 text-big-image-block__contents-col\">\n\t\t\t\t<div class=\"text-big-image-block__contents\">\n\t\t\t\t\t<h3 class=\"text-big-image-block__title\">Que l&rsquo;aventure commence!<\/h3><div class=\"text-big-image-block__content\"><p><\/p>\n<p>Vous \u00eates \u00e9quip\u00e9 d\u2019un harnais de s\u00e9curit\u00e9 et que vous vous installez confortablement sur le pont du bateau. Une fois pr\u00eat, le bateau d\u00e9marre lentement et commence \u00e0 prendre de la vitesse, tirant la corde qui est reli\u00e9e \u00e0 votre parachute.<\/p>\n<p> <\/p>\n<p>Alors que le bateau avance, vous pouvez ressentir une l\u00e9g\u00e8re tension dans le harnais, puis soudainement, vous \u00eates soulev\u00e9 dans les airs. C\u2019est le d\u00e9collage ! L\u2019excitation et l\u2019\u00e9merveillement vous envahissent alors que vous prenez de l\u2019altitude. Vous pouvez sentir l\u2019adr\u00e9naline monter alors que vous vous \u00e9loignez progressivement de la surface de l\u2019eau.<\/p>\n<p> <\/p>\n<p>De l\u00e0-haut, vous pouvez profiter d\u2019une vue imprenable sur l\u2019horizon, la c\u00f4te, et l\u2019\u00e9tendue infinie de la mer m\u00e9diterran\u00e9e : Marseillan et S\u00e8te.<\/p>\n<p><\/p>\n<\/div>\t\t\t\t<\/div>\n\t\t\t<\/div>\n\t\t\t<div class=\"col-lg-6 text-big-image-block__image-col\">\n\t\t\t\t<div class=\"text-big-image-block__image-wrapper\">\n\t\t\t\t\t<img loading=\"lazy\" decoding=\"async\" width=\"640\" height=\"480\" src=\"https:\/\/instant-nautique.com\/marseillan\/wp-content\/uploads\/sites\/4\/2023\/06\/shutterstock_1814561693-1024x768.jpg\" class=\"attachment-large size-large\" alt=\"\" srcset=\"https:\/\/instant-nautique.com\/marseillan\/wp-content\/uploads\/sites\/4\/2023\/06\/shutterstock_1814561693-1024x768.jpg 1024w, https:\/\/instant-nautique.com\/marseillan\/wp-content\/uploads\/sites\/4\/2023\/06\/shutterstock_1814561693-300x225.jpg 300w, https:\/\/instant-nautique.com\/marseillan\/wp-content\/uploads\/sites\/4\/2023\/06\/shutterstock_1814561693-768x576.jpg 768w, https:\/\/instant-nautique.com\/marseillan\/wp-content\/uploads\/sites\/4\/2023\/06\/shutterstock_1814561693.jpg 1500w\" sizes=\"auto, (max-width: 640px) 100vw, 640px\" \/>\t\t\t\t<\/div>\n\t\t\t<\/div>\n\t\t<\/div>\n\t<\/div>\n<\/div>\n\n\n<div\n\tclass=\"vn-block online-test-block online-test-block--image-left\"\n\t\tstyle=\"margin-top: 50px;margin-bottom: 100px;\">\n\t<div class=\"online-test-block__container\">\n\t\t<div class=\"row\">\n\t\t\t<div class=\"col-md-6 online-test-block__contents-col\">\n\t\t\t\t<div class=\"online-test-block__contents\">\n\t\t\t\t\t<h4 class=\"online-test-block__title\">Sentez le vent caresser votre visage&#8230;<\/h4><div class=\"online-test-block__content\"><p>Vous pouvez entendre les vagues s\u2019\u00e9craser contre le rivage. Vous avez l\u2019impression de voler librement, tel un oiseau majestueux planant dans le ciel. Les sensations de libert\u00e9 et de l\u00e9g\u00e8ret\u00e9 sont absolument incroyables.<\/p>\n<\/div><a href=\"https:\/\/instant-nautique.com\/produit\/bon-cadeau-parachute-ascensionnel\/\" title=\"J'embarque pour des sensations folles !\" target=\"_blank\" class=\"vn-btn vn-btn--arrow-link\" rel=\"noopener noreferrer\"><span class=\"vn-a-icon\"><i class=\"vn-icons-arrow-right\"><\/i><\/span><span class=\"vn-a-content\">J&#8217;embarque pour des sensations folles !<\/span><\/a>\t\t\t\t<\/div>\n\t\t\t<\/div>\n\t\t\t<div class=\"col-md-6 col-lg-5 offset-lg-1 online-test-block__image-col\">\n\t\t\t\t<div class=\"online-test-block__image-wrapper\">\n\t\t\t\t\t<img loading=\"lazy\" decoding=\"async\" width=\"640\" height=\"481\" src=\"https:\/\/instant-nautique.com\/marseillan\/wp-content\/uploads\/sites\/4\/2023\/05\/Parachute-Trio-1024x769.jpg\" class=\"attachment-large size-large\" alt=\"\" srcset=\"https:\/\/instant-nautique.com\/marseillan\/wp-content\/uploads\/sites\/4\/2023\/05\/Parachute-Trio-1024x769.jpg 1024w, https:\/\/instant-nautique.com\/marseillan\/wp-content\/uploads\/sites\/4\/2023\/05\/Parachute-Trio-300x225.jpg 300w, https:\/\/instant-nautique.com\/marseillan\/wp-content\/uploads\/sites\/4\/2023\/05\/Parachute-Trio-768x577.jpg 768w, https:\/\/instant-nautique.com\/marseillan\/wp-content\/uploads\/sites\/4\/2023\/05\/Parachute-Trio.jpg 1440w\" sizes=\"auto, (max-width: 640px) 100vw, 640px\" \/>\t\t\t\t<\/div>\n\t\t\t<\/div>\n\t\t<\/div>\n\t<\/div>\n<\/div>\n\n\n\n<p><strong>Le parachute ascensionnel nautique vous permet de contempler la beaut\u00e9 de la nature d\u2019une mani\u00e8re unique. C\u2019est une exp\u00e9rience immersive qui \u00e9veille vos sens et vous permet de vous connecter avec la nature d\u2019une mani\u00e8re profonde.<\/strong><\/p>\n\n\n\n<p>Que vous soyez en couple, en famille ou entre amis, cette activit\u00e9 est id\u00e9ale pour cr\u00e9er des souvenirs inoubliables. Vous pouvez partager des rires et des cris de joie alors que vous survolez l\u2019eau ensemble, en cr\u00e9ant des liens et en renfor\u00e7ant les relations.<\/p>\n\n\n\n<p>L\u2019exp\u00e9rience en parachute ascensionnel nautique convient \u00e0 tous, des d\u00e9butants aux amateurs de sensations fortes. Que vous choisissiez de voler en solo, en tandem ou \u00e0 trois, c\u2019est une aventure passionnante qui vous donnera des frissons et des souvenirs qui dureront toute une vie.<\/p>\n\n\n\n<p><em>Apr\u00e8s une dizaine de minutes, votre moniteur va vous ramener doucement vers le bateau \u00e0 l\u2019aide de la corde et vous pourrez atterrir en douceur sur la plateforme du bateau.<\/em><\/p>\n\n\n<div\n\tclass=\"vn-block double-cards-block\"\n\t\tstyle=\"margin-top: 50px;margin-bottom: 100px;\"\tdata-id=\"block_7942aa56a8d82a4c002e0a4bf98790db\">\n\t<div class=\"double-cards-block__container\">\n\t\t<div class=\"double-cards-block__cards\">\n\t\t\t<div class=\"row double-cards-block__row\">\n\t\t\t\t<div class=\"part-card-2 col-lg part-card-2--blue\">\n\t<a class=\"part-card-2__wrapper\">\n\t\t<span class=\"part-card-2__title\">Un petit souvenir de cette envol\u00e9e ?<\/span><div class=\"part-card-2__content\"><p>Pour seulement 25\u20ac, vous disposerez d&rsquo;une carte SD avec les photos souvenir de votre escapade dans les nuages !<\/p>\n<\/div>\t<\/a>\n<\/div>\n\t\t\t<\/div>\n\t\t<\/div>\n\t<\/div>\n<\/div>\n\n\n\n<div style=\"height:30px\" aria-hidden=\"true\" class=\"wp-block-spacer\"><\/div>\n\n\n\n<h2 class=\"wp-block-heading has-text-align-center\">Alors ? On r\u00e9serve un vol ?<\/h2>\n\n\n<div\n\tclass=\"vn-block double-cards-block\"\n\t\tstyle=\"margin-top: 30px;margin-bottom: 100px;\"\tdata-id=\"block_83397298e54b6bfa6c49fddec232bdda\">\n\t<div class=\"double-cards-block__container\">\n\t\t<div class=\"double-cards-block__cards\">\n\t\t\t<div class=\"row double-cards-block__row\">\n\t\t\t\t<div class=\"part-card-2 col-lg part-card-2--orange\">\n\t<a href=\"https:\/\/instant-nautique.com\/produit\/bon-cadeau-parachute-ascensionnel\/?attribute_pa_formule=solo\" title=\"En savoir plus\" target=\"_blank\" class=\"part-card-2__wrapper\" rel=\"noopener noreferrer\">\n\t\t<span class=\"part-card-2__title\">Un vol en Solo ?<\/span><div class=\"part-card-2__content\"><h3>80\u20ac<\/h3>\n<p>Profitez d&rsquo;un vol en solitaire d&rsquo;une dur\u00e9e de 10 minutes !<\/p>\n<\/div>\t\t\t<div class=\"card-fields\">\n\t\t\t\t<div class=\"card-fields__field\">\n\t\t\t\t\t<span class=\"card-fields__icon card-fields__icon--arrow\"><i class=\"vn-css-icons-arrow-right\"><\/i><\/span>\n\t\t\t\t\t<span class=\"card-fields__title\">En savoir plus<\/span>\n\t\t\t\t<\/div>\n\t\t\t<\/div>\n\t\t\t<\/a>\n<\/div>\n<div class=\"part-card-2 col-lg part-card-2--blue\">\n\t<a href=\"https:\/\/instant-nautique.com\/produit\/bon-cadeau-parachute-ascensionnel\/?attribute_pa_formule=duo\" title=\"En savoir plus\" target=\"_blank\" class=\"part-card-2__wrapper\" rel=\"noopener noreferrer\">\n\t\t<span class=\"part-card-2__title\">Un vol en Duo ?<\/span><div class=\"part-card-2__content\"><h3>100\u20ac<\/h3>\n<p>Un moment inoubliable \u00e0 partager \u00e0 deux.<\/p>\n<\/div>\t\t\t<div class=\"card-fields\">\n\t\t\t\t<div class=\"card-fields__field\">\n\t\t\t\t\t<span class=\"card-fields__icon card-fields__icon--arrow\"><i class=\"vn-css-icons-arrow-right\"><\/i><\/span>\n\t\t\t\t\t<span class=\"card-fields__title\">En savoir plus<\/span>\n\t\t\t\t<\/div>\n\t\t\t<\/div>\n\t\t\t<\/a>\n<\/div>\n<div class=\"part-card-2 col-lg part-card-2--orange\">\n\t<a href=\"https:\/\/instant-nautique.com\/produit\/bon-cadeau-parachute-ascensionnel\/?attribute_pa_formule=trio\" title=\"En savoir plus\" target=\"_blank\" class=\"part-card-2__wrapper\" rel=\"noopener noreferrer\">\n\t\t<span class=\"part-card-2__title\">Un vol en Trio ?<\/span><div class=\"part-card-2__content\"><h3>140\u20ac<\/h3>\n<p>Envolez-vous \u00e0 trois d\u00e8s maintenant !<\/p>\n<\/div>\t\t\t<div class=\"card-fields\">\n\t\t\t\t<div class=\"card-fields__field\">\n\t\t\t\t\t<span class=\"card-fields__icon card-fields__icon--arrow\"><i class=\"vn-css-icons-arrow-right\"><\/i><\/span>\n\t\t\t\t\t<span class=\"card-fields__title\">En savoir plus<\/span>\n\t\t\t\t<\/div>\n\t\t\t<\/div>\n\t\t\t<\/a>\n<\/div>\n\t\t\t<\/div>\n\t\t<\/div>\n\t<\/div>\n<\/div>\n","protected":false},"excerpt":{"rendered":"<p>Le parachute ascensionnel nautique vous permet de contempler la beaut\u00e9 de la nature d\u2019une mani\u00e8re unique. C\u2019est une exp\u00e9rience immersive qui \u00e9veille vos sens et vous permet de vous connecter avec la nature d\u2019une mani\u00e8re profonde. Que vous soyez en couple, en famille ou entre amis, cette activit\u00e9 est id\u00e9ale pour cr\u00e9er des souvenirs inoubliables. [&hellip;]<\/p>\n","protected":false},"author":1,"featured_media":0,"parent":0,"menu_order":0,"comment_status":"closed","ping_status":"closed","template":"","meta":{"_acf_changed":false,"footnotes":""},"class_list":["post-709","page","type-page","status-publish","hentry"],"acf":[],"yoast_head":"<!-- This site is optimized with the Yoast SEO plugin v27.4 - https:\/\/yoast.com\/product\/yoast-seo-wordpress\/ -->\n<title>Comment se passe un vol en parachute ascensionnel nautique ? - Instant Nautique Marseillan<\/title>\n<meta name=\"robots\" content=\"index, follow, max-snippet:-1, max-image-preview:large, max-video-preview:-1\" \/>\n<link rel=\"canonical\" href=\"https:\/\/instant-nautique.com\/marseillan\/vol-parachute-info\/\" \/>\n<meta property=\"og:locale\" content=\"fr_FR\" \/>\n<meta property=\"og:type\" content=\"article\" \/>\n<meta property=\"og:title\" content=\"Comment se passe un vol en parachute ascensionnel nautique ? - Instant Nautique Marseillan\" \/>\n<meta property=\"og:description\" content=\"Le parachute ascensionnel nautique vous permet de contempler la beaut\u00e9 de la nature d\u2019une mani\u00e8re unique. C\u2019est une exp\u00e9rience immersive qui \u00e9veille vos sens et vous permet de vous connecter avec la nature d\u2019une mani\u00e8re profonde. Que vous soyez en couple, en famille ou entre amis, cette activit\u00e9 est id\u00e9ale pour cr\u00e9er des souvenirs inoubliables. [&hellip;]\" \/>\n<meta property=\"og:url\" content=\"https:\/\/instant-nautique.com\/marseillan\/vol-parachute-info\/\" \/>\n<meta property=\"og:site_name\" content=\"Instant Nautique Marseillan\" \/>\n<meta property=\"article:modified_time\" content=\"2025-06-17T10:05:38+00:00\" \/>\n<meta name=\"twitter:card\" content=\"summary_large_image\" \/>\n<meta name=\"twitter:label1\" content=\"Dur\u00e9e de lecture estim\u00e9e\" \/>\n\t<meta name=\"twitter:data1\" content=\"1 minute\" \/>\n<script type=\"application\/ld+json\" class=\"yoast-schema-graph\">{\"@context\":\"https:\\\/\\\/schema.org\",\"@graph\":[{\"@type\":\"WebPage\",\"@id\":\"https:\\\/\\\/instant-nautique.com\\\/marseillan\\\/vol-parachute-info\\\/\",\"url\":\"https:\\\/\\\/instant-nautique.com\\\/marseillan\\\/vol-parachute-info\\\/\",\"name\":\"Comment se passe un vol en parachute ascensionnel nautique ? - Instant Nautique Marseillan\",\"isPartOf\":{\"@id\":\"https:\\\/\\\/instant-nautique.com\\\/marseillan\\\/#website\"},\"datePublished\":\"2023-06-15T14:47:17+00:00\",\"dateModified\":\"2025-06-17T10:05:38+00:00\",\"breadcrumb\":{\"@id\":\"https:\\\/\\\/instant-nautique.com\\\/marseillan\\\/vol-parachute-info\\\/#breadcrumb\"},\"inLanguage\":\"fr-FR\",\"potentialAction\":[{\"@type\":\"ReadAction\",\"target\":[\"https:\\\/\\\/instant-nautique.com\\\/marseillan\\\/vol-parachute-info\\\/\"]}]},{\"@type\":\"BreadcrumbList\",\"@id\":\"https:\\\/\\\/instant-nautique.com\\\/marseillan\\\/vol-parachute-info\\\/#breadcrumb\",\"itemListElement\":[{\"@type\":\"ListItem\",\"position\":1,\"name\":\"Accueil\",\"item\":\"https:\\\/\\\/instant-nautique.com\\\/marseillan\\\/\"},{\"@type\":\"ListItem\",\"position\":2,\"name\":\"Comment se passe un vol en parachute ascensionnel nautique ?\"}]},{\"@type\":\"WebSite\",\"@id\":\"https:\\\/\\\/instant-nautique.com\\\/marseillan\\\/#website\",\"url\":\"https:\\\/\\\/instant-nautique.com\\\/marseillan\\\/\",\"name\":\"Instant Nautique Marseillan\",\"description\":\"\",\"publisher\":{\"@id\":\"https:\\\/\\\/instant-nautique.com\\\/marseillan\\\/#organization\"},\"potentialAction\":[{\"@type\":\"SearchAction\",\"target\":{\"@type\":\"EntryPoint\",\"urlTemplate\":\"https:\\\/\\\/instant-nautique.com\\\/marseillan\\\/?s={search_term_string}\"},\"query-input\":{\"@type\":\"PropertyValueSpecification\",\"valueRequired\":true,\"valueName\":\"search_term_string\"}}],\"inLanguage\":\"fr-FR\"},{\"@type\":\"Organization\",\"@id\":\"https:\\\/\\\/instant-nautique.com\\\/marseillan\\\/#organization\",\"name\":\"Instant Nautique Marseillan\",\"url\":\"https:\\\/\\\/instant-nautique.com\\\/marseillan\\\/\",\"logo\":{\"@type\":\"ImageObject\",\"inLanguage\":\"fr-FR\",\"@id\":\"https:\\\/\\\/instant-nautique.com\\\/marseillan\\\/#\\\/schema\\\/logo\\\/image\\\/\",\"url\":\"https:\\\/\\\/instant-nautique.com\\\/marseillan\\\/wp-content\\\/uploads\\\/sites\\\/4\\\/2019\\\/07\\\/LOGO-InstantNautique-2025-Marseillan.png\",\"contentUrl\":\"https:\\\/\\\/instant-nautique.com\\\/marseillan\\\/wp-content\\\/uploads\\\/sites\\\/4\\\/2019\\\/07\\\/LOGO-InstantNautique-2025-Marseillan.png\",\"width\":709,\"height\":709,\"caption\":\"Instant Nautique Marseillan\"},\"image\":{\"@id\":\"https:\\\/\\\/instant-nautique.com\\\/marseillan\\\/#\\\/schema\\\/logo\\\/image\\\/\"}}]}<\/script>\n<!-- \/ Yoast SEO plugin. -->","yoast_head_json":{"title":"Comment se passe un vol en parachute ascensionnel nautique ? - Instant Nautique Marseillan","robots":{"index":"index","follow":"follow","max-snippet":"max-snippet:-1","max-image-preview":"max-image-preview:large","max-video-preview":"max-video-preview:-1"},"canonical":"https:\/\/instant-nautique.com\/marseillan\/vol-parachute-info\/","og_locale":"fr_FR","og_type":"article","og_title":"Comment se passe un vol en parachute ascensionnel nautique ? - Instant Nautique Marseillan","og_description":"Le parachute ascensionnel nautique vous permet de contempler la beaut\u00e9 de la nature d\u2019une mani\u00e8re unique. C\u2019est une exp\u00e9rience immersive qui \u00e9veille vos sens et vous permet de vous connecter avec la nature d\u2019une mani\u00e8re profonde. Que vous soyez en couple, en famille ou entre amis, cette activit\u00e9 est id\u00e9ale pour cr\u00e9er des souvenirs inoubliables. [&hellip;]","og_url":"https:\/\/instant-nautique.com\/marseillan\/vol-parachute-info\/","og_site_name":"Instant Nautique Marseillan","article_modified_time":"2025-06-17T10:05:38+00:00","twitter_card":"summary_large_image","twitter_misc":{"Dur\u00e9e de lecture estim\u00e9e":"1 minute"},"schema":{"@context":"https:\/\/schema.org","@graph":[{"@type":"WebPage","@id":"https:\/\/instant-nautique.com\/marseillan\/vol-parachute-info\/","url":"https:\/\/instant-nautique.com\/marseillan\/vol-parachute-info\/","name":"Comment se passe un vol en parachute ascensionnel nautique ? - Instant Nautique Marseillan","isPartOf":{"@id":"https:\/\/instant-nautique.com\/marseillan\/#website"},"datePublished":"2023-06-15T14:47:17+00:00","dateModified":"2025-06-17T10:05:38+00:00","breadcrumb":{"@id":"https:\/\/instant-nautique.com\/marseillan\/vol-parachute-info\/#breadcrumb"},"inLanguage":"fr-FR","potentialAction":[{"@type":"ReadAction","target":["https:\/\/instant-nautique.com\/marseillan\/vol-parachute-info\/"]}]},{"@type":"BreadcrumbList","@id":"https:\/\/instant-nautique.com\/marseillan\/vol-parachute-info\/#breadcrumb","itemListElement":[{"@type":"ListItem","position":1,"name":"Accueil","item":"https:\/\/instant-nautique.com\/marseillan\/"},{"@type":"ListItem","position":2,"name":"Comment se passe un vol en parachute ascensionnel nautique ?"}]},{"@type":"WebSite","@id":"https:\/\/instant-nautique.com\/marseillan\/#website","url":"https:\/\/instant-nautique.com\/marseillan\/","name":"Instant Nautique Marseillan","description":"","publisher":{"@id":"https:\/\/instant-nautique.com\/marseillan\/#organization"},"potentialAction":[{"@type":"SearchAction","target":{"@type":"EntryPoint","urlTemplate":"https:\/\/instant-nautique.com\/marseillan\/?s={search_term_string}"},"query-input":{"@type":"PropertyValueSpecification","valueRequired":true,"valueName":"search_term_string"}}],"inLanguage":"fr-FR"},{"@type":"Organization","@id":"https:\/\/instant-nautique.com\/marseillan\/#organization","name":"Instant Nautique Marseillan","url":"https:\/\/instant-nautique.com\/marseillan\/","logo":{"@type":"ImageObject","inLanguage":"fr-FR","@id":"https:\/\/instant-nautique.com\/marseillan\/#\/schema\/logo\/image\/","url":"https:\/\/instant-nautique.com\/marseillan\/wp-content\/uploads\/sites\/4\/2019\/07\/LOGO-InstantNautique-2025-Marseillan.png","contentUrl":"https:\/\/instant-nautique.com\/marseillan\/wp-content\/uploads\/sites\/4\/2019\/07\/LOGO-InstantNautique-2025-Marseillan.png","width":709,"height":709,"caption":"Instant Nautique Marseillan"},"image":{"@id":"https:\/\/instant-nautique.com\/marseillan\/#\/schema\/logo\/image\/"}}]}},"_links":{"self":[{"href":"https:\/\/instant-nautique.com\/marseillan\/wp-json\/wp\/v2\/pages\/709","targetHints":{"allow":["GET"]}}],"collection":[{"href":"https:\/\/instant-nautique.com\/marseillan\/wp-json\/wp\/v2\/pages"}],"about":[{"href":"https:\/\/instant-nautique.com\/marseillan\/wp-json\/wp\/v2\/types\/page"}],"author":[{"embeddable":true,"href":"https:\/\/instant-nautique.com\/marseillan\/wp-json\/wp\/v2\/users\/1"}],"replies":[{"embeddable":true,"href":"https:\/\/instant-nautique.com\/marseillan\/wp-json\/wp\/v2\/comments?post=709"}],"version-history":[{"count":1,"href":"https:\/\/instant-nautique.com\/marseillan\/wp-json\/wp\/v2\/pages\/709\/revisions"}],"predecessor-version":[{"id":929,"href":"https:\/\/instant-nautique.com\/marseillan\/wp-json\/wp\/v2\/pages\/709\/revisions\/929"}],"wp:attachment":[{"href":"https:\/\/instant-nautique.com\/marseillan\/wp-json\/wp\/v2\/media?parent=709"}],"curies":[{"name":"wp","href":"https:\/\/api.w.org\/{rel}","templated":true}]}}